{"id":664,"date":"2012-10-06T22:49:06","date_gmt":"2012-10-06T22:49:06","guid":{"rendered":"http:\/\/www.nageebgardizi.com\/website\/?page_id=664"},"modified":"2020-02-11T09:09:08","modified_gmt":"2020-02-11T09:09:08","slug":"beethoven-sonatas-ragas","status":"publish","type":"page","link":"https:\/\/www.nageebgardizi.com\/website\/?page_id=664","title":{"rendered":"Beethoven in Ragastan"},"content":{"rendered":"<p style=\"text-align: left;\"><a href=\"http:\/\/www.nageebgardizi.com\/wp-content\/uploads\/2011\/11\/Sonatas_Ragas_WEB_72dpi1.jpg\" rel=\"wp-prettyPhoto[g664]\"><img loading=\"lazy\" decoding=\"async\" class=\"size-medium wp-image-690 alignleft\" title=\"Sonatas_Ragas\" src=\"http:\/\/www.nageebgardizi.com\/wp-content\/uploads\/2011\/11\/Sonatas_Ragas_WEB_72dpi1-212x300.jpg\" alt=\"\" width=\"212\" height=\"300\" srcset=\"https:\/\/www.nageebgardizi.com\/wp-content\/uploads\/2011\/11\/Sonatas_Ragas_WEB_72dpi1-212x300.jpg 212w, https:\/\/www.nageebgardizi.com\/wp-content\/uploads\/2011\/11\/Sonatas_Ragas_WEB_72dpi1.jpg 602w\" sizes=\"auto, (max-width: 212px) 100vw, 212px\" \/><\/a><\/p>\n<p style=\"text-align: left;\">Beethoven wu\u00dfte nicht von der Musik Indiens. &nbsp;Verborgen blieb ihm der warme, &nbsp;extatisch-sinnliche Klangkosmos des Morgenlandes. &nbsp;Er wu\u00dfte nicht von der klanglichen Existenz ewiger Jugend und Sch\u00f6nheit. &nbsp;Er wu\u00dfte nicht von der M\u00f6glichkeit ungetr\u00fcbter, gl\u00fccklicher Gelassenheit.<\/p>\n<p style=\"text-align: left;\">Gegen Ende eines ungl\u00fccklichen Lebens erkannte er jedoch, da\u00df sein eigener Genius ein Gl\u00fccksfall sein mu\u00dfte.<\/p>\n<p style=\"text-align: left;\">Gegen Ende eines genialischen Geistes ahnte er eine Wiederauferstehung eines neuen, unbeschwerten Geistes.<\/p>\n<p style=\"text-align: left;\">Gegen Ende eines zerr\u00fctteten Seelenlebens wurde ihm bewu\u00dft, was er nur dann imstande war, zu begreifen.<\/p>\n<p style=\"text-align: left;\">Gegen Ende eines k\u00e4mpferischen Selbstzweifels nimmt sein geschundenes Herz Abschied von den Irrungen und Wirrungen selbstischen Willendrangs, um im gereinigten Kharma die erhoffte Heilung zu finden&#8230;<\/p>\n<p style=\"text-align: left;\">Programm:<\/p>\n<p style=\"text-align: left;\"><strong>Beethoven&nbsp; in Ragastan<br \/>\n<\/strong><\/p>\n<p style=\"text-align: left;\"><strong>&nbsp; &nbsp; &nbsp;<\/strong><\/p>\n<p style=\"text-align: left;\"><strong>Ludwig van Beethoven<\/strong><\/p>\n<p style=\"text-align: left;\"><strong>&nbsp; &nbsp; &nbsp; &nbsp; &nbsp; &nbsp; &nbsp;&nbsp; (1770 \u2013 1827)<\/strong><\/p>\n<p style=\"text-align: left;\"><em><strong>Rabindranath Takhur: &#8222;Gitanjali&#8220; (1910\/13)<\/strong><\/em><\/p>\n<p style=\"text-align: left;\"><strong><em>(1861-1941)<\/em><\/strong><\/p>\n<p style=\"text-align: left;\"><strong>Sonata E-Dur, op. 109&nbsp; (1820)<\/strong><\/p>\n<p style=\"text-align: left;\"><a href=\"https:\/\/www.youtube.com\/watch?v=udXo9uXpeFw\">Vivace, ma non troppo \u2013 Prestissimo<\/a><\/p>\n<p style=\"text-align: left;\"><a href=\"https:\/\/www.youtube.com\/watch?v=N8Dddy8o7x8\">Tema: Gesangvoll, mit innigster Empfindung \u2013 Variatio I: Molto espressivo \u2013&nbsp;Variatio II: Leggiermente \u2013 Variatio III: Allegro vivace &#8211; &nbsp;Variatio IV: Etwas langsamer, als das Thema \u2013 Variatio V: Allegro, ma non troppo \u2013&nbsp;Variatio VI: Tempo I del tema &#8211;&nbsp;<em>Raga Charukeshi &#8211; <\/em>Tempo I del tema<\/a><\/p>\n<p>&nbsp;<\/p>\n<p style=\"text-align: left;\"><strong>Sonata As-Dur, op. 110&nbsp; &nbsp;(1821-22)<\/strong><\/p>\n<p style=\"text-align: left;\"><a href=\"https:\/\/www.youtube.com\/watch?v=7J3nCbtak_o\">Moderato cantabile, molto espressivo.&nbsp; Allegro molto &#8211;&nbsp;<em>Raga Yaman &#8211;&nbsp;<\/em>Adagio, ma non troppo \u2013 <em>Raga Shivranjani &#8211;&nbsp;<\/em> Arioso dolente&nbsp;<\/a><\/p>\n<p style=\"text-align: left;\"><a href=\"https:\/\/www.youtube.com\/watch?v=P1Dc5_4FfFU\">Fuga: Allegro, ma non troppo &#8211; Arioso dolente \u2013 <em>Raga Purya Kalyan &#8211;&nbsp;<\/em>Fuga inverso: l\u2019istesso tempo della Fuga, poi a poi di nuovo vivente<\/a><\/p>\n<p style=\"text-align: left;\">&nbsp;<\/p>\n<p style=\"text-align: left;\"><strong>Sonata c-moll, op. 111&nbsp; &nbsp;(1821-22)<\/strong><\/p>\n<p style=\"text-align: left;\"><a href=\"https:\/\/www.youtube.com\/watch?v=jZzSv9hCVm4\">Maestoso &#8211;&nbsp;<em>Raga Multani&nbsp;<\/em>&#8211; Allegro con brio ed appassionato<\/a><\/p>\n<p style=\"text-align: left;\"><a href=\"https:\/\/www.youtube.com\/watch?v=EPAFwXZ8u7g\">Arietta: Adagio, molto semplice e cantabile<\/a><\/p>\n<p style=\"text-align: left;\">Nageeb Gardizi, Klavier<\/p>\n<p style=\"text-align: left;\">&nbsp;<\/p>\n","protected":false},"excerpt":{"rendered":"<p>Beethoven wu\u00dfte nicht von der Musik Indiens. &nbsp;Verborgen blieb ihm der warme, &nbsp;extatisch-sinnliche Klangkosmos des Morgenlandes. &nbsp;Er wu\u00dfte nicht von der klanglichen Existenz ewiger Jugend und Sch\u00f6nheit. &nbsp;Er wu\u00dfte nicht von der M\u00f6glichkeit ungetr\u00fcbter, gl\u00fccklicher Gelassenheit. Gegen Ende eines ungl\u00fccklichen Lebens erkannte er jedoch, da\u00df sein eigener Genius ein Gl\u00fccksfall sein mu\u00dfte. Gegen Ende eines [&hellip;]<\/p>\n","protected":false},"author":4,"featured_media":0,"parent":864,"menu_order":0,"comment_status":"closed","ping_status":"closed","template":"","meta":{"ngg_post_thumbnail":0,"footnotes":""},"class_list":["post-664","page","type-page","status-publish","hentry"],"_links":{"self":[{"href":"https:\/\/www.nageebgardizi.com\/index.php?rest_route=\/wp\/v2\/pages\/664","targetHints":{"allow":["GET"]}}],"collection":[{"href":"https:\/\/www.nageebgardizi.com\/index.php?rest_route=\/wp\/v2\/pages"}],"about":[{"href":"https:\/\/www.nageebgardizi.com\/index.php?rest_route=\/wp\/v2\/types\/page"}],"author":[{"embeddable":true,"href":"https:\/\/www.nageebgardizi.com\/index.php?rest_route=\/wp\/v2\/users\/4"}],"replies":[{"embeddable":true,"href":"https:\/\/www.nageebgardizi.com\/index.php?rest_route=%2Fwp%2Fv2%2Fcomments&post=664"}],"version-history":[{"count":29,"href":"https:\/\/www.nageebgardizi.com\/index.php?rest_route=\/wp\/v2\/pages\/664\/revisions"}],"predecessor-version":[{"id":676,"href":"https:\/\/www.nageebgardizi.com\/index.php?rest_route=\/wp\/v2\/pages\/664\/revisions\/676"}],"up":[{"embeddable":true,"href":"https:\/\/www.nageebgardizi.com\/index.php?rest_route=\/wp\/v2\/pages\/864"}],"wp:attachment":[{"href":"https:\/\/www.nageebgardizi.com\/index.php?rest_route=%2Fwp%2Fv2%2Fmedia&parent=664"}],"curies":[{"name":"wp","href":"https:\/\/api.w.org\/{rel}","templated":true}]}}