{"id":622,"date":"2012-06-11T08:38:42","date_gmt":"2012-06-11T08:38:42","guid":{"rendered":"http:\/\/www.nageebgardizi.com\/website\/?page_id=622"},"modified":"2012-06-11T08:38:42","modified_gmt":"2012-06-11T08:38:42","slug":"praeambulum","status":"publish","type":"page","link":"https:\/\/www.nageebgardizi.com\/website\/?page_id=622","title":{"rendered":"Praeambulum"},"content":{"rendered":"<p><strong>\u201eConcerto Monumentale\u201c \u2013 ein Konzertprojekt<\/strong><\/p>\n<p>&nbsp;<\/p>\n<p>Wie bereits der Titel dieser Konzertreihe andeutet, geht es mir hier um die Verbreitung der gro\u00dfen Klangmonumente der klassisch-abendl\u00e4ndischen Musiktradition.<\/p>\n<p>Im Zeitalter des 21. Jahrhunderts, einem Zeitalter, vor allem der gro\u00dfen Schw\u00e4chen, \u00c4ngste, N\u00f6te und allgemeiner Ohnmacht, m\u00f6chte ich die Gelegenheit einer Konzertb\u00fchne nutzen, mit wahrhaft erhabener Musik gro\u00dfer Tonsetzer vergangener Zeiten, ein kraftvolles Gegengewicht zu dieser allgegenw\u00e4rtigen Situation zu setzen.<\/p>\n<p>&nbsp;<\/p>\n<p>In Zeiten gr\u00f6\u00dfter Not und Ratlosigkeit, hat immer schon die metaphysische Welt der \u201eSch\u00f6nen K\u00fcnste\u201c am l\u00e4ngsten \u00fcberlebt, und der allgemeinen Misere von innen heraus standhalten k\u00f6nnen.<\/p>\n<p>In diesem Sinne ist es mein eigenes, inneres Anliegen, die so schillernde und intensive Sch\u00f6nheit der Gef\u00fchle und Gedanken bedeutender K\u00f6pfe der Musikgeschichte zu ihrer Renaissance zu verhelfen. Neben sorgf\u00e4ltig ausgew\u00e4hlten \u201eMonumenten\u201c der Klassischen Musik, nehmen meine eigenen Werkeinf\u00fchrungen einen wichtigen Platz in diesen Konzertprogrammen ein.<\/p>\n<p>&nbsp;<\/p>\n<p>Im Zeitalter des vielzitierten \u201eNiedergangs der Klassischen Musik\u201c, m\u00f6chte ich mit diesen Konzerten dem breiten Publikum eine Musik erlebbar machen, die das menschliche Gef\u00fchl gro\u00dfer Pers\u00f6nlichkeiten der Europ\u00e4ischen Musikgeschichte, in einer bislang unbeachteten Tiefendimension in den Mittelpunkt stellt. Es ist hier die \u201einnere Stimme\u201c genialischer Menschen und ihrer Musik, welche dem Menschen des 21. Jahrhunderts verinnerlicht werden soll.<\/p>\n","protected":false},"excerpt":{"rendered":"<p>\u201eConcerto Monumentale\u201c \u2013 ein Konzertprojekt &nbsp; Wie bereits der Titel dieser Konzertreihe andeutet, geht es mir hier um die Verbreitung der gro\u00dfen Klangmonumente der klassisch-abendl\u00e4ndischen Musiktradition. Im Zeitalter des 21. Jahrhunderts, einem Zeitalter, vor allem der gro\u00dfen Schw\u00e4chen, \u00c4ngste, N\u00f6te und allgemeiner Ohnmacht, m\u00f6chte ich die Gelegenheit einer Konzertb\u00fchne nutzen, mit wahrhaft erhabener Musik gro\u00dfer [&hellip;]<\/p>\n","protected":false},"author":4,"featured_media":0,"parent":328,"menu_order":0,"comment_status":"open","ping_status":"closed","template":"","meta":{"ngg_post_thumbnail":0,"footnotes":""},"class_list":["post-622","page","type-page","status-publish","hentry"],"_links":{"self":[{"href":"https:\/\/www.nageebgardizi.com\/index.php?rest_route=\/wp\/v2\/pages\/622","targetHints":{"allow":["GET"]}}],"collection":[{"href":"https:\/\/www.nageebgardizi.com\/index.php?rest_route=\/wp\/v2\/pages"}],"about":[{"href":"https:\/\/www.nageebgardizi.com\/index.php?rest_route=\/wp\/v2\/types\/page"}],"author":[{"embeddable":true,"href":"https:\/\/www.nageebgardizi.com\/index.php?rest_route=\/wp\/v2\/users\/4"}],"replies":[{"embeddable":true,"href":"https:\/\/www.nageebgardizi.com\/index.php?rest_route=%2Fwp%2Fv2%2Fcomments&post=622"}],"version-history":[{"count":2,"href":"https:\/\/www.nageebgardizi.com\/index.php?rest_route=\/wp\/v2\/pages\/622\/revisions"}],"predecessor-version":[{"id":624,"href":"https:\/\/www.nageebgardizi.com\/index.php?rest_route=\/wp\/v2\/pages\/622\/revisions\/624"}],"up":[{"embeddable":true,"href":"https:\/\/www.nageebgardizi.com\/index.php?rest_route=\/wp\/v2\/pages\/328"}],"wp:attachment":[{"href":"https:\/\/www.nageebgardizi.com\/index.php?rest_route=%2Fwp%2Fv2%2Fmedia&parent=622"}],"curies":[{"name":"wp","href":"https:\/\/api.w.org\/{rel}","templated":true}]}}