{"id":527,"date":"2012-01-22T18:55:33","date_gmt":"2012-01-22T18:55:33","guid":{"rendered":"http:\/\/www.nageebgardizi.com\/website\/?page_id=527"},"modified":"2014-10-07T18:29:54","modified_gmt":"2014-10-07T18:29:54","slug":"genie-wahnsinn","status":"publish","type":"page","link":"https:\/\/www.nageebgardizi.com\/website\/?page_id=527","title":{"rendered":"X. &#8230;in nomine daemonis&#8230;"},"content":{"rendered":"<p>&nbsp;<\/p>\n<p><strong>\u201eConcerto Monumentale\u201c \u2013 &#8230;in nomine daemonis&#8230;<br \/>\n<\/strong><\/p>\n<p>Genie und Wahnsinn liegen oft recht nah beieinander.\u00a0 So, wie etwa das gr\u00f6\u00dfte Gl\u00fcck eines jeden Menschen mit dessen gr\u00f6\u00dften Ungl\u00fcck in gleicher Weise und unzertrennlich verbunden bleibt, so speist sich noch heute und nicht selten die gr\u00f6\u00dfte Inspiration, die gro\u00dfartigste Idee, aus den bedrohlichen und scheinbar unnat\u00fcrlichen Situationen eines menschlichen Lebens.<br \/>\nDa\u00df gerade die Abstraktionswelt der Musik, welche zumeist das Konzentrat dieser stellenweise schwindelerregenden, menschlich-psychischen Abgr\u00fcnde in der nur in ihr m\u00f6glichen Intensit\u00e4t zu wiedergeben vermag, hat sie zumeist dem &#8222;wahnsinnigen Genius Mensch\u201c zu verdanken. Dieser Begriff erscheint zun\u00e4chst\u00a0 als Paradoxon; die menschliche Gabe einer transzendierten Gedankenwelt ist hier jedoch entscheidend f\u00fcr gr\u00f6\u00dftm\u00f6gliche Schaffenskraft eines wahrhaftigen Genies, in welcher Dialektik und Dualismus keine Hindernisse mehr darstellen. Es ist die Zusammenf\u00fchrung und Metamorphose aller negativen und zugleich positiven Gef\u00fchlswallungen, die einen Menschen im Laufe eines bewegten Lebens zu zerm\u00fcrben drohen. Das wahrhaftige Genie erlebt diese Abgr\u00fcnde tagt\u00e4glich im Labyrinth der eigenen Realit\u00e4t und verliert sich im Bewu\u00dftsein, bisweilen einer, oder sogar mehrerer \u201einnerer Stimmen\u201c. Hierbei folgt er in seinem Schaffensdrang durchaus nicht nur seinen eigenen Irrungen und Wirrungen, sondern ist sogar deshalb in der Lage, scheinbar m\u00fchelos, intime Psychogramme seiner vermeintlichen Leidensgenossen zu abstrahieren, um diese \u201eh\u00f6renswert\u201c zu machen.<br \/>\nFr\u00e9d\u00e9ric Chopin, Franz Liszt und Robert Schumann haben diese Abgr\u00fcnde in ihrer individuellen Musiksprache auf eindrucksvolle Art und Weise lebendig werden lassen. Alle diese drei M\u00e4nner waren Zeitgenossen und Zeugen diverser innerer und \u00e4u\u00dferer Umbr\u00fcche, Entt\u00e4uschungen, und Katastrophen. Alle diese drei M\u00e4nner waren zugleich aber ebenso in der Lage, der eigenen Trostlosigkeit und Resignation mit einem wahren Feuerwerk klanglicher Imagination auf schier verr\u00fcckte, atemberaubende, bisweilen sogar erschreckende Art und Weise zu begegnen.<br \/>\nMit diesem spannenden Konzertprogramm m\u00f6chte ich dem \u201egenialischen Wahn\u201c, mitsamt seinen d\u00e4monischen Sch\u00f6pfern, mein musikalisches Monument setzen.<\/p>\n<p>(Nageeb Gardizi)<\/p>\n<p>&nbsp;<\/p>\n<p>&nbsp;<\/p>\n<p><strong>Konzertprogramm<\/strong><\/p>\n<p><em>Chopin in einem Brief vom 03.12.1838 aus Valdemossa, auf der spanischen Insel Mallorca<\/em><\/p>\n<p>Fr\u00e9d\u00e9ric Chopin:\u00a0\u00a0\u00a0\u00a0 Sonate No. 2 b-moll, op. 35 (1837-39)<br \/>\n(1810-1849)<br \/>\n<a href=\"https:\/\/www.youtube.com\/watch?v=BYA9pR7sqT8\">Grave \u2013 Doppio Movimento<\/a><br \/>\nScherzo<br \/>\nMarche fun\u00e8bre<br \/>\nPresto<\/p>\n<p>&nbsp;<\/p>\n<p><em>Widmungsbrief Franz Liszts an Robert Schumann vom 21.05.1854<\/em><\/p>\n<p><em>Tagebucheintrag der Clara Schumann am 25.05.1854<\/em> <em>\u00fcber Liszts Sonate<\/em><\/p>\n<p>Franz Liszt:\u00a0\u00a0 \u00a0\u00a0\u00a0\u00a0\u00a0\u00a0\u00a0\u00a0\u00a0\u00a0\u00a0 Sonate h-moll\u00a0 (1852\/53)<br \/>\n(1811-1886)<br \/>\nLento assai \u2013 Allegro energico \u2013 Grandioso \u2013 Tempo I<\/p>\n<p>Recitativo &#8211; <a href=\"https:\/\/www.youtube.com\/watch?v=2sftJZI-OdU\">Andante sostenuto \u2013 Allegro energico \u2013 Pi\u00fa mosso<\/a><\/p>\n<p><a href=\"https:\/\/www.youtube.com\/watch?v=2sftJZI-OdU\">Stretta, quasi Presto &#8211; Presto\u00a0 &#8211; Prestissimo \u2013 Andante\u00a0 sostenuto<\/a><\/p>\n<p><a href=\"https:\/\/www.youtube.com\/watch?v=2sftJZI-OdU\">Allegro moderato &#8211; Lento assai<\/a><\/p>\n<p>&nbsp;<\/p>\n<p>&nbsp;<\/p>\n<p><em>Aus dem Tagebuch von Clara Schumann \u00fcber Robert Schumanns \u201eGeistervariationen\u201c<\/em><\/p>\n<p><a href=\"https:\/\/www.youtube.com\/watch?v=wIpyHA70WL0\">Robert Schumann:\u00a0 5 Variationen \u00fcber ein eigenes Thema, op. posth. (1854)<\/a><br \/>\n(1810-1856)<\/p>\n","protected":false},"excerpt":{"rendered":"<p>&nbsp; \u201eConcerto Monumentale\u201c \u2013 &#8230;in nomine daemonis&#8230; Genie und Wahnsinn liegen oft recht nah beieinander.\u00a0 So, wie etwa das gr\u00f6\u00dfte Gl\u00fcck eines jeden Menschen mit dessen gr\u00f6\u00dften Ungl\u00fcck in gleicher Weise und unzertrennlich verbunden bleibt, so speist sich noch heute und nicht selten die gr\u00f6\u00dfte Inspiration, die gro\u00dfartigste Idee, aus den bedrohlichen und scheinbar unnat\u00fcrlichen [&hellip;]<\/p>\n","protected":false},"author":4,"featured_media":0,"parent":328,"menu_order":0,"comment_status":"open","ping_status":"closed","template":"","meta":{"ngg_post_thumbnail":0,"footnotes":""},"class_list":["post-527","page","type-page","status-publish","hentry"],"_links":{"self":[{"href":"https:\/\/www.nageebgardizi.com\/index.php?rest_route=\/wp\/v2\/pages\/527","targetHints":{"allow":["GET"]}}],"collection":[{"href":"https:\/\/www.nageebgardizi.com\/index.php?rest_route=\/wp\/v2\/pages"}],"about":[{"href":"https:\/\/www.nageebgardizi.com\/index.php?rest_route=\/wp\/v2\/types\/page"}],"author":[{"embeddable":true,"href":"https:\/\/www.nageebgardizi.com\/index.php?rest_route=\/wp\/v2\/users\/4"}],"replies":[{"embeddable":true,"href":"https:\/\/www.nageebgardizi.com\/index.php?rest_route=%2Fwp%2Fv2%2Fcomments&post=527"}],"version-history":[{"count":13,"href":"https:\/\/www.nageebgardizi.com\/index.php?rest_route=\/wp\/v2\/pages\/527\/revisions"}],"predecessor-version":[{"id":1006,"href":"https:\/\/www.nageebgardizi.com\/index.php?rest_route=\/wp\/v2\/pages\/527\/revisions\/1006"}],"up":[{"embeddable":true,"href":"https:\/\/www.nageebgardizi.com\/index.php?rest_route=\/wp\/v2\/pages\/328"}],"wp:attachment":[{"href":"https:\/\/www.nageebgardizi.com\/index.php?rest_route=%2Fwp%2Fv2%2Fmedia&parent=527"}],"curies":[{"name":"wp","href":"https:\/\/api.w.org\/{rel}","templated":true}]}}