{"id":349,"date":"2011-10-09T18:32:53","date_gmt":"2011-10-09T18:32:53","guid":{"rendered":"http:\/\/www.nageebgardizi.com\/website\/?page_id=349"},"modified":"2014-10-31T09:28:21","modified_gmt":"2014-10-31T09:28:21","slug":"9-prokofjew-freundschafts-konzert","status":"publish","type":"page","link":"https:\/\/www.nageebgardizi.com\/website\/?page_id=349","title":{"rendered":"IX. &#8230;ex anima&#8230;"},"content":{"rendered":"<p><strong>9.\u00a0 \u201eConcerto Monumentale\u201c \u2013 &#8230;ex anima&#8230;<br \/>\n<\/strong><\/p>\n<p>Das Gef\u00fchl der freundschaftlichen Verbundenheit zwischen Menschen ist, neben dem Gef\u00fchl der Liebe, sicherlich das gr\u00f6\u00dfte Ma\u00df menschlicher Empfindung. Freundschaften haben zumeist die besondere Eigenart, unwahrscheinliches und unausgesprochenes Wort, in frischen und unverbrauchten Pragmatismus und Tatendrang zu verwandeln. In sehr intimen Freundschaften befl\u00fcgeln und befruchten beide Seiten einander sogar derart, da\u00df man von regelrechten \u201eSeelenverwandtschaften\u201c sprechen kann.<\/p>\n<p>Der Komponist Sergej Prokofjew fand diesen Freund in Maximilian Schmidthof. \u00dcber das Leben und Wirken Schmidthofs ist nicht viel bekannt. Die Tatsache, da\u00df ihn sein Freund Prokofjew mit dreien seiner wichtigsten Kompositionen bedenkt, machten diesen mysteri\u00f6sen Namen schlagartig bekannt. Bekannt ist gleichwohl, da\u00df Schmidthof\u00a0 Ende April des Jahres 1913, \u00a0in den finnischen W\u00e4ldern von Terijoki &#8211; dem heute russischen Zelenogorsk &#8211; den so unverhofften Freitod beging. Prokofjew hat dieses Ereignis zeitlebens besch\u00e4ftigt und gepr\u00e4gt. In der modernen Forschung wird oft behauptet, da\u00df die Beziehung der beiden \u00a0jungen M\u00e4nner sogar von homoerotischer Art gewesen sein mu\u00df.<\/p>\n<p>Gen\u00e4hrt wurde diese Freundschaft allerdings vornehmlich durch den geistigen Respekt zweier Individualisten voreinander. Beide waren gleichen Jahrgangs, hatten gleiche Interessen und kommunizierten auf vielf\u00e4ltige Art und Weise, bei Tag und Nacht. W\u00e4hrend das Zaristische Russland seinem j\u00e4hen Ende zusteuerte, philosophierten und sinnierten beide M\u00e4nner \u00fcber ein besseres Leben,\u00a0 um daraus eigene Lebensentw\u00fcrfe zu gestalten, die sie zumeist gemeinsam auslebten.\u00a0 Es mu\u00df jedoch trotz allem eine platonische Liebesbeziehung gewesen sein, da das Russisch-Orthodoxe Russland solche Neigungen gew\u00f6hnlich sanktionierte, ja sogar mit dem Tode bestrafte.<\/p>\n<p>Die Werke dieses Konzertprogramms sind ein spannendes Relikt dieser wahrhaft \u201eutopischen\u201c Freundschaft, in welchem Prokofjew seinem \u201eunwirklichen\u201c Freund posthum ein eindrucksvolles Monument setzt. Erhaltene Briefzitate und Tagebuchaufzeichnungen lassen beide Personen ebenso \u00a0zu Wort kommen. Dabei er\u00f6ffnet der Sch\u00f6pfer von \u201ePeter und der Wolf\u201c \u00a0seinem heutigen H\u00f6rer ein musikalisch nicht weniger eindrucksvolles Pand\u00e4monium ungeahnter Ausdrucksm\u00f6glichkeiten.<\/p>\n<p>(Nageeb Gardizi)<\/p>\n<p>&nbsp;<\/p>\n<p><strong>Programm<\/strong><\/p>\n<p><strong>9. \u201eConcerto Monumentale\u201c \u2013 Ein Konzert f\u00fcr die Freundschaft<\/strong><\/p>\n<p>&nbsp;<\/p>\n<p><strong>\u00a0\u00a0\u00a0\u00a0\u00a0\u00a0\u00a0 Sergej Prokofjew (1891 \u2013 1953)<\/strong><\/p>\n<p>&nbsp;<\/p>\n<p><em>Konstantin Balmont: \u201eWohl gibt\u2019s andre Gestirne\u201c<\/em><\/p>\n<p><em>(1867 \u2013 1942)<\/em><\/p>\n<p>&nbsp;<\/p>\n<p><strong>Zweite Sonate d-Moll<\/strong>, op. 14\u00a0 (1912-14)<\/p>\n<p>Allegro, ma non troppo<\/p>\n<p>Scherzo: Allegro marcato<\/p>\n<p>Andante<\/p>\n<p>Vivace<\/p>\n<p>&nbsp;<\/p>\n<p><em>Abschiedsbrief von Maximilian Schmidthof an Sergej Prokofjew vom 26. April 1913 <\/em><\/p>\n<p><strong>\u201eAndantino\u201c aus dem\u00a0 Zweiten Konzert g-Moll<\/strong> f\u00fcr Klavier und Orchester, op. 16\u00a0 (1913\/23)<\/p>\n<p>(Bearbeitung f\u00fcr Klavier Solo von Nageeb Gardizi)<\/p>\n<p>&nbsp;<\/p>\n<p><em>Sergej Prokofjew \u00fcber die erste Begegnung mit Maximilian Schmidthof <\/em><\/p>\n<p><em>Auszug aus den Jugendmemoiren Sergej Prokofjews<\/em><\/p>\n<p><strong>Vierte Sonate c-Moll,<\/strong> op. 29\u00a0\u00a0 (1908\/17)<\/p>\n<p>\u201eAus alten Heften\u201c<\/p>\n<p>Allegro molto sostenuto<\/p>\n<p>Andante assai<\/p>\n<p>Allegro con brio, ma non leggiere<\/p>\n<p style=\"text-align: center;\">\n<p style=\"text-align: center;\"><strong>Nageeb Gardizi, Klavier &amp; Rezitation<br \/>\n<\/strong><\/p>\n","protected":false},"excerpt":{"rendered":"<p>9.\u00a0 \u201eConcerto Monumentale\u201c \u2013 &#8230;ex anima&#8230; Das Gef\u00fchl der freundschaftlichen Verbundenheit zwischen Menschen ist, neben dem Gef\u00fchl der Liebe, sicherlich das gr\u00f6\u00dfte Ma\u00df menschlicher Empfindung. Freundschaften haben zumeist die besondere Eigenart, unwahrscheinliches und unausgesprochenes Wort, in frischen und unverbrauchten Pragmatismus und Tatendrang zu verwandeln. In sehr intimen Freundschaften befl\u00fcgeln und befruchten beide Seiten einander sogar [&hellip;]<\/p>\n","protected":false},"author":3,"featured_media":0,"parent":328,"menu_order":0,"comment_status":"open","ping_status":"closed","template":"","meta":{"ngg_post_thumbnail":0,"footnotes":""},"class_list":["post-349","page","type-page","status-publish","hentry"],"_links":{"self":[{"href":"https:\/\/www.nageebgardizi.com\/index.php?rest_route=\/wp\/v2\/pages\/349","targetHints":{"allow":["GET"]}}],"collection":[{"href":"https:\/\/www.nageebgardizi.com\/index.php?rest_route=\/wp\/v2\/pages"}],"about":[{"href":"https:\/\/www.nageebgardizi.com\/index.php?rest_route=\/wp\/v2\/types\/page"}],"author":[{"embeddable":true,"href":"https:\/\/www.nageebgardizi.com\/index.php?rest_route=\/wp\/v2\/users\/3"}],"replies":[{"embeddable":true,"href":"https:\/\/www.nageebgardizi.com\/index.php?rest_route=%2Fwp%2Fv2%2Fcomments&post=349"}],"version-history":[{"count":8,"href":"https:\/\/www.nageebgardizi.com\/index.php?rest_route=\/wp\/v2\/pages\/349\/revisions"}],"predecessor-version":[{"id":1056,"href":"https:\/\/www.nageebgardizi.com\/index.php?rest_route=\/wp\/v2\/pages\/349\/revisions\/1056"}],"up":[{"embeddable":true,"href":"https:\/\/www.nageebgardizi.com\/index.php?rest_route=\/wp\/v2\/pages\/328"}],"wp:attachment":[{"href":"https:\/\/www.nageebgardizi.com\/index.php?rest_route=%2Fwp%2Fv2%2Fmedia&parent=349"}],"curies":[{"name":"wp","href":"https:\/\/api.w.org\/{rel}","templated":true}]}}