{"id":299,"date":"2011-09-20T12:48:18","date_gmt":"2011-09-20T12:48:18","guid":{"rendered":"http:\/\/www.nageebgardizi.com\/website\/?page_id=299"},"modified":"2017-11-04T12:51:17","modified_gmt":"2017-11-04T12:51:17","slug":"1-tod-und-auferstehung","status":"publish","type":"page","link":"https:\/\/www.nageebgardizi.com\/website\/?page_id=299","title":{"rendered":"I. &#8230;de profundis&#8230;"},"content":{"rendered":"<p><a href=\"http:\/\/www.nageebgardizi.com\/wp-content\/uploads\/2011\/09\/poster_2.jpg\" rel=\"wp-prettyPhoto[g299]\"><img loading=\"lazy\" decoding=\"async\" class=\"alignleft size-full wp-image-375\" title=\"poster_2\" src=\"http:\/\/www.nageebgardizi.com\/wp-content\/uploads\/2011\/09\/poster_2.jpg\" alt=\"\" width=\"462\" height=\"649\" srcset=\"https:\/\/www.nageebgardizi.com\/wp-content\/uploads\/2011\/09\/poster_2.jpg 462w, https:\/\/www.nageebgardizi.com\/wp-content\/uploads\/2011\/09\/poster_2-213x300.jpg 213w\" sizes=\"auto, (max-width: 462px) 100vw, 462px\" \/><\/a><\/p>\n<p style=\"text-align: center;\"><strong>Concerto Monumentale\u00a0 I. \u00a0\u00a0\u00a0 <em>&#8211;\u00a0\u00a0\u00a0\u00a0\u00a0 <\/em>&#8230;de profundis&#8230;<br \/>\n<\/strong><\/p>\n<p style=\"text-align: center;\">\u00a0\u00a0<strong><br \/>\n<\/strong><\/p>\n<p style=\"text-align: center;\">Franz Liszt und Maurice Ravel, welche beide eine stark kosmopolitische Musik- und Weltanschauung vertraten, treffen hier in einem f\u00fcr das menschliche Leben substantielle Thema aufeinander: die Verarbeitung von Tod und Auferstehung.<\/p>\n<p style=\"text-align: center;\"><a href=\"https:\/\/www.youtube.com\/watch?v=XLtddX3wbqM\">IN TERRA AGONIA<\/a><a href=\"http:\/\/www.bundesfinanzministerium.de\/Content\/DE\/Video\/BFA\/funerailles.html\"><\/a><\/p>\n<p style=\"text-align: center;\"><strong>Franz Liszt:\u00a0 \u201eFun\u00e9railles\u201c (1849)<\/strong><\/p>\n<p style=\"text-align: center;\"><strong>(1811-1886)<\/strong><\/p>\n<p style=\"text-align: center;\"><a href=\"https:\/\/www.youtube.com\/watch?v=SfDW6yTo8IE\">INFERNO<\/a><\/p>\n<p style=\"text-align: center;\"><strong>\u201eTotentanz\u201c \u2013 Paraphrase \u00fcber \u201eDies Irae\u201c, Fassung f\u00fcr Klavier solo\u00a0 (1860-65)<\/strong><\/p>\n<p style=\"text-align: center;\"><strong>(Liszt\/Gardizi)<\/strong><\/p>\n<p style=\"text-align: center;\">Franz Liszt, der bis heute als einer der gr\u00f6\u00dften Komponisten und Pioniere der Klaviermusik gilt, ist hier mit zwei Werken vertreten, die ihn in einer Zeit des geistigen und musikalischen Umbruchs zeigen.<\/p>\n<p style=\"text-align: center;\">Beide Werke entstanden in einer Phase des menschlichen und musikalischen R\u00fcckzugs, in welcher der Komponist seine bis dahin beispiellose Karriere als europaweit bekannter Klaviervirtuose zugunsten einer Konzentration auf eine zunehmend vergeistigte Komponente seines musikalischen Schaffens aufgab, um sich der musikalischen Wahrheit auf eine neue und zutiefst pers\u00f6nliche Art anzun\u00e4hern.<\/p>\n<p style=\"text-align: center;\">Wenngleich \u201eFun\u00e9railles\u201c von den blutigen Revolutionskriegen der Jahre 1848\/49 inspiriert ist, welche die Monarchien des 19. Jahrhunderts in Mitteleuropa ersch\u00fctterten, greift Liszt im \u201eTotentanz\u201c das ber\u00fchmte \u201eDies Irae\u201c-Motiv auf, um im Verlauf dieses Variationszyklus\u2019 die tiefen\u00adpsychologischen Facetten von Tod und Verkl\u00e4rung quasi unter nahezu st\u00e4ndiger Hochspannung miteinander zu verbinden, um das Werk in einem flammenden Inferno enden zu lassen.<\/p>\n<p style=\"text-align: center;\">In beiden Werken schafft es Liszt auf beeindruckende Art und Weise, Trauer und Tod pianistisch effektvoll darzustellen und ihnen dadurch ein unumst\u00f6\u00dfliches Denkmal zu setzen.<\/p>\n<p style=\"text-align: center;\">Dabei unterzieht er den Interpreten dieser monumentalen Klangbilder einer physischen wie psychischen \u201etour de force\u201c, die sowohl den Interpreten, wie seinen H\u00f6rer bis heute schaudern l\u00e4sst.<\/p>\n<p style=\"text-align: center;\"><a href=\"https:\/\/www.youtube.com\/watch?v=YlBk-egXhdA\">PURGATORIO<\/a><a href=\"http:\/\/www.bundesfinanzministerium.de\/Content\/DE\/Video\/BFA\/konzert-fuer-linke.html\"><\/a><\/p>\n<p>&nbsp;<\/p>\n<p><strong>Maurice Ravel:\u00a0\u00a0 Konzert D-Dur f\u00fcr die Linke Hand &amp; Orchester\u00a0 (1929-31)<\/strong><\/p>\n<p><strong>Bearbeitung f\u00fcr Klavier Solo von Nageeb Gardizi<\/strong><\/p>\n<p>&nbsp;<\/p>\n<p>Das eins\u00e4tzige &#8222;Konzert f\u00fcr die Linke Hand&#8220; ist auf Anregung des \u00f6sterreichischen Pianisten und Klavierp\u00e4dagogen Paul Wittgenstein entstanden. Die Tatsache, da\u00df Ravel, schier besessen von diesem eigent\u00fcmlichen Auftrag, die Arbeit an seinem zu diesem Zeitpunkt gerade erst begonnenen &#8222;Konzert in G&#8220; unterbrach, stellt die besondere Bedeutung dieses Klangepos dar. Was erz\u00e4hlt uns Ravel hier? Es ist die ersch\u00fctternde Geschichte eines vorangegangenen Weltkrieges, der das &#8222;Alte Europa&#8220; zu einem fernen M\u00e4rchen werden lie\u00df. Im Rausch der &#8222;Wilden Zwanziger&#8220; besinnen sich zwei gro\u00dfe M\u00e4nner auf eine bewegte Zeit, die sie beide betraf: der Widmungstr\u00e4ger Paul Wittgenstein verlor seinen rechten Arm an der galizischen Ostfront, der Komponist diente als Kraftfahrer in der Schlacht von Verdun. Ehemals erbitterte Feinde im Zweifrontenkrieg, finden beide in dieser Musik auf vers\u00f6hnliche Art und Weise , erneut zusammen, und reicheneinander beseelt die Hand&#8230;<\/p>\n<p>&nbsp;<\/p>\n<p style=\"text-align: center;\"><a href=\"http:\/\/www.bundesfinanzministerium.de\/Content\/DE\/Video\/BFA\/bach.html\"><\/a><a href=\"https:\/\/www.youtube.com\/watch?v=ehfwFiYpsgY\">PARADISO<\/a><\/p>\n<p>&nbsp;<\/p>\n<p><strong>Johann Sebastian Bach: &#8222;Sarabande&#8220; aus: &#8222;Ouverture in Franz\u00f6sischer Art&#8220;, BWV 831<\/strong><\/p>\n<p>In nomine resurrectionem moritandi&#8230;<\/p>\n","protected":false},"excerpt":{"rendered":"<p>Concerto Monumentale\u00a0 I. \u00a0\u00a0\u00a0 &#8211;\u00a0\u00a0\u00a0\u00a0\u00a0 &#8230;de profundis&#8230; \u00a0\u00a0 Franz Liszt und Maurice Ravel, welche beide eine stark kosmopolitische Musik- und Weltanschauung vertraten, treffen hier in einem f\u00fcr das menschliche Leben substantielle Thema aufeinander: die Verarbeitung von Tod und Auferstehung. IN TERRA AGONIA Franz Liszt:\u00a0 \u201eFun\u00e9railles\u201c (1849) (1811-1886) INFERNO \u201eTotentanz\u201c \u2013 Paraphrase \u00fcber \u201eDies Irae\u201c, Fassung [&hellip;]<\/p>\n","protected":false},"author":3,"featured_media":0,"parent":328,"menu_order":0,"comment_status":"open","ping_status":"closed","template":"","meta":{"ngg_post_thumbnail":0,"footnotes":""},"class_list":["post-299","page","type-page","status-publish","hentry"],"_links":{"self":[{"href":"https:\/\/www.nageebgardizi.com\/index.php?rest_route=\/wp\/v2\/pages\/299","targetHints":{"allow":["GET"]}}],"collection":[{"href":"https:\/\/www.nageebgardizi.com\/index.php?rest_route=\/wp\/v2\/pages"}],"about":[{"href":"https:\/\/www.nageebgardizi.com\/index.php?rest_route=\/wp\/v2\/types\/page"}],"author":[{"embeddable":true,"href":"https:\/\/www.nageebgardizi.com\/index.php?rest_route=\/wp\/v2\/users\/3"}],"replies":[{"embeddable":true,"href":"https:\/\/www.nageebgardizi.com\/index.php?rest_route=%2Fwp%2Fv2%2Fcomments&post=299"}],"version-history":[{"count":14,"href":"https:\/\/www.nageebgardizi.com\/index.php?rest_route=\/wp\/v2\/pages\/299\/revisions"}],"predecessor-version":[{"id":1359,"href":"https:\/\/www.nageebgardizi.com\/index.php?rest_route=\/wp\/v2\/pages\/299\/revisions\/1359"}],"up":[{"embeddable":true,"href":"https:\/\/www.nageebgardizi.com\/index.php?rest_route=\/wp\/v2\/pages\/328"}],"wp:attachment":[{"href":"https:\/\/www.nageebgardizi.com\/index.php?rest_route=%2Fwp%2Fv2%2Fmedia&parent=299"}],"curies":[{"name":"wp","href":"https:\/\/api.w.org\/{rel}","templated":true}]}}