{"id":248,"date":"2011-09-13T11:23:07","date_gmt":"2011-09-13T11:23:07","guid":{"rendered":"http:\/\/www.nageebgardizi.com\/website\/?page_id=248"},"modified":"2012-06-11T08:55:57","modified_gmt":"2012-06-11T08:55:57","slug":"5-liszt-konzert","status":"publish","type":"page","link":"https:\/\/www.nageebgardizi.com\/website\/?page_id=248","title":{"rendered":"V. &#8230;Lisztomaniae&#8230;"},"content":{"rendered":"<p><a href=\"http:\/\/www.nageebgardizi.com\/wp-content\/uploads\/2011\/09\/Liszt-Plakat.jpg\" rel=\"wp-prettyPhoto[g248]\"><img loading=\"lazy\" decoding=\"async\" class=\"alignleft size-full wp-image-249\" title=\"Liszt-Plakat\" src=\"http:\/\/www.nageebgardizi.com\/wp-content\/uploads\/2011\/09\/Liszt-Plakat.jpg\" alt=\"\" width=\"418\" height=\"614\" srcset=\"https:\/\/www.nageebgardizi.com\/wp-content\/uploads\/2011\/09\/Liszt-Plakat.jpg 697w, https:\/\/www.nageebgardizi.com\/wp-content\/uploads\/2011\/09\/Liszt-Plakat-204x300.jpg 204w\" sizes=\"auto, (max-width: 418px) 100vw, 418px\" \/><\/a><\/p>\n<p><strong>Concerto Monumentale V<\/strong><\/p>\n<p><strong>\u00a0<\/strong><\/p>\n<p><strong>&#8230;Lisztomaninae&#8230;<br \/>\n<\/strong><\/p>\n<p>&nbsp;<\/p>\n<p><strong><em>\u00c9tienne de S\u00e9nancour : aus \u00ab Obermann \u00bb<\/em><\/strong><\/p>\n<p>\u201eVall\u00e9e d\u2019Obermann\u201c aus \u201eAnn\u00e9es de P\u00e8lerinage\u201c, Premi\u00e8re Ann\u00e9e: Suisse (1835\/1854)<\/p>\n<p>&nbsp;<\/p>\n<p>\u00ab La lug\u00f9bre gondola No. 1\u00bb (1883)<\/p>\n<p>Unstern! &#8211; Sinistre, Disastro\u00a0 (ca. 1886)<\/p>\n<p>&nbsp;<\/p>\n<p><strong><em>John Varian: \u201cThe Building of Bamba\u201d<\/em><\/strong><\/p>\n<p>Henry Cowell (1897-1965): Three Irish Legends (1917-22)<\/p>\n<p>The Tides of Manaunaun<\/p>\n<p>The Hero Sun<\/p>\n<p>The Voice of Lir<\/p>\n<p>&nbsp;<\/p>\n<p><strong><em><\/em>Carolyne de Sayn-Wittgenstein: \u201eLes Pr\u00e9ludes\u201c <\/strong>(nach Alphonse de Lamartine)<\/p>\n<p><strong><em>Franz Liszt<\/em><\/strong>: Les Pr\u00e9ludes: Symphonische Dichtung No.3 (1844\/1854) Bearbeitung f\u00fcr Klavier Solo (Stradal\/Gardizi)<\/p>\n<p>&nbsp;<\/p>\n<p><strong>\u201eConcerto Monumentale\u201c \u2013 Ein Konzert f\u00fcr Liszt<\/strong><\/p>\n<p>2011 j\u00e4hrte sich der 200. Geburtstag des gro\u00dfen Komponisten, Pianisten und Kosmopoliten Franz Liszt. Sein rascher Aufstieg in die Salons der Welt des 19. Jahrhunderts machten ihn weltber\u00fchmt. Sein f\u00fcr die damalige Zeit v\u00f6llig neuartiges Klavierspiel lie\u00dfen die Konzertfl\u00fcgel, wie auch sein Publikum verz\u00fccken und zugleich erschaudern. Sein lebenslanger Wille, neue Ma\u00dfst\u00e4be in der europ\u00e4ischen Musik des 19. Jahrhunderts, speziell aber in der Klaviertechnik zu setzen, machten ihn schon in jungen Jahren zum gefeierten \u201eSuperstar\u201c Europas. Dieser Umstand verhalf seiner Klaviermusik von der Exclusivit\u00e4t des intimen Salons immer h\u00e4ufiger in den gro\u00dfen Konzertsaal, so dass Liszt mit Fug und Recht als Erfinder des konzertanten \u201eKlavierabends\u201c gilt. Hier ist es ausschlie\u00dflich der Klaviersolist, der in Interaktion mit seinem Publikum tritt und es in den Bann seiner Aura und Pers\u00f6nlichkeit zieht. Als Gipfelpunkt dieser Entwicklung k\u00f6nnen seine Berliner Klavierabende in den 1840er Jahren angesehen werden, in welchen die Zuh\u00f6rer derart in Aufruhr gerieten, dass die Fachpresse sogar von einer regelrechten \u201eLisztomanie\u201c schrieb.<\/p>\n<p>Dieses Konzertprogramm soll Franz Liszt, dem gro\u00dfen Reformator der Klaviermusik, ein musikalisches Denkmal setzen.<\/p>\n<p>Als Pionier und musikalischer Wegbereiter der \u201eProgramm-Musik\u201c im Zeitalter der Romantik, galt es ihm, seine eigene, menschlich widerspr\u00fcchliche \u201eNatur\u201c, stets mit der seiner physischen Au\u00dfenwelt zu konfrontieren und letztendlich in Einklang zu bringen. Diese widerspr\u00fcchliche Natur erf\u00e4hrt in seinem Sp\u00e4twerk einen bedr\u00fcckenden H\u00f6hepunkt. &#8222;La lug\u00fabre gondola&#8220; &amp; &#8222;Unstern&#8220; sind bekenntnishafte Offenbarungen eines alternden, resignierten und zutiefst entt\u00e4uschten Genies. In ihrer rauhen, kalten, bisweilen kompromi\u00dflos verst\u00f6renden Klangwelt sind sie durchaus nicht f\u00fcr den gro\u00dfen Konzertsaal konzipiert. Liszt hat diese Sp\u00e4twerke ausschlie\u00dflich f\u00fcr sich selbst erdacht, ohne dabei publikumswirksam sein zu wollen. Es ist hierbei nur symptomatisch, da\u00df sein sp\u00e4tes Genie dadurch den Weg zu neuen Klangwelten ebnete, den die Dodekaphonie des fr\u00fchen 20. Jahrhunderts zu Ende ging.\u00a0 Es scheint, als h\u00e4tte erst sein alterndes Herz\u00a0 das Tor zur ureigenen, wahrhaftigen Nat\u00fcrlichkeit finden und \u00f6ffnen k\u00f6nnen&#8230;<\/p>\n<p>Der amerikanische Komponist Henry Cowell reiht sich ebenso in die Riege der Pioniere der Klaviermusik mit ein. Wie Franz Liszt im Europa des 19. Jahrhunderts, gilt er als einer der gr\u00f6\u00dften Pioniere der musikalischen Avantgarde Nordamerikas am Beginn des 20. Jahrhunderts. Mit seinem Triptychon der \u201eThree Irish Legends\u201c beschw\u00f6rt er die alte keltische Mythologie seiner irischen Ahnen und ihren eigent\u00fcmlichen Ges\u00e4ngen auf dunkle und magische Art und Weise herauf. Dabei experimentiert er &#8211; erstmalig in der Klaviermusik &#8211; mit nicht eindeutig fixierten, ger\u00e4uschhaften Klangfl\u00e4chen, und entlockt dem Klavier dadurch bis dato v\u00f6llig neue und unerh\u00f6rte Klangr\u00e4ume.<\/p>\n<p>In diesem Konzert wird das lebenslange Bestreben beider Komponisten, ihre facettenreiche Pers\u00f6nlichkeit \u00fcber den Klavierklang zu \u00fcbermitteln\u00a0 kaleidoskopartig beleuchtet und \u201emonumental\u201c gew\u00fcrdigt.<\/p>\n<p>Text: Nageeb Gardizi<\/p>\n<p>&nbsp;<\/p>\n<p>&nbsp;<\/p>\n<p>&nbsp;<\/p>\n<p>&nbsp;<\/p>\n","protected":false},"excerpt":{"rendered":"<p>Concerto Monumentale V \u00a0 &#8230;Lisztomaninae&#8230; &nbsp; \u00c9tienne de S\u00e9nancour : aus \u00ab Obermann \u00bb \u201eVall\u00e9e d\u2019Obermann\u201c aus \u201eAnn\u00e9es de P\u00e8lerinage\u201c, Premi\u00e8re Ann\u00e9e: Suisse (1835\/1854) &nbsp; \u00ab La lug\u00f9bre gondola No. 1\u00bb (1883) Unstern! &#8211; Sinistre, Disastro\u00a0 (ca. 1886) &nbsp; John Varian: \u201cThe Building of Bamba\u201d Henry Cowell (1897-1965): Three Irish Legends (1917-22) The Tides of [&hellip;]<\/p>\n","protected":false},"author":3,"featured_media":0,"parent":328,"menu_order":0,"comment_status":"open","ping_status":"closed","template":"","meta":{"ngg_post_thumbnail":0,"footnotes":""},"class_list":["post-248","page","type-page","status-publish","hentry"],"_links":{"self":[{"href":"https:\/\/www.nageebgardizi.com\/index.php?rest_route=\/wp\/v2\/pages\/248","targetHints":{"allow":["GET"]}}],"collection":[{"href":"https:\/\/www.nageebgardizi.com\/index.php?rest_route=\/wp\/v2\/pages"}],"about":[{"href":"https:\/\/www.nageebgardizi.com\/index.php?rest_route=\/wp\/v2\/types\/page"}],"author":[{"embeddable":true,"href":"https:\/\/www.nageebgardizi.com\/index.php?rest_route=\/wp\/v2\/users\/3"}],"replies":[{"embeddable":true,"href":"https:\/\/www.nageebgardizi.com\/index.php?rest_route=%2Fwp%2Fv2%2Fcomments&post=248"}],"version-history":[{"count":8,"href":"https:\/\/www.nageebgardizi.com\/index.php?rest_route=\/wp\/v2\/pages\/248\/revisions"}],"predecessor-version":[{"id":251,"href":"https:\/\/www.nageebgardizi.com\/index.php?rest_route=\/wp\/v2\/pages\/248\/revisions\/251"}],"up":[{"embeddable":true,"href":"https:\/\/www.nageebgardizi.com\/index.php?rest_route=\/wp\/v2\/pages\/328"}],"wp:attachment":[{"href":"https:\/\/www.nageebgardizi.com\/index.php?rest_route=%2Fwp%2Fv2%2Fmedia&parent=248"}],"curies":[{"name":"wp","href":"https:\/\/api.w.org\/{rel}","templated":true}]}}