{"id":219,"date":"2011-09-13T10:48:34","date_gmt":"2011-09-13T10:48:34","guid":{"rendered":"http:\/\/www.nageebgardizi.com\/website\/?page_id=219"},"modified":"2014-05-11T10:23:41","modified_gmt":"2014-05-11T10:23:41","slug":"concerto-monumentale-ii-chopin-balladen","status":"publish","type":"page","link":"https:\/\/www.nageebgardizi.com\/website\/?page_id=219","title":{"rendered":"II. &#8230;semper dolens, semper Chopin&#8230;"},"content":{"rendered":"<p style=\"text-align: center;\"><a href=\"http:\/\/www.nageebgardizi.com\/wp-content\/uploads\/2011\/09\/Chopin-balladen.jpg\" rel=\"wp-prettyPhoto[g219]\"><img loading=\"lazy\" decoding=\"async\" class=\"alignleft size-medium wp-image-220\" title=\"Chopin balladen\" src=\"http:\/\/www.nageebgardizi.com\/wp-content\/uploads\/2011\/09\/Chopin-balladen-217x300.jpg\" alt=\"\" width=\"217\" height=\"300\" srcset=\"https:\/\/www.nageebgardizi.com\/wp-content\/uploads\/2011\/09\/Chopin-balladen-217x300.jpg 217w, https:\/\/www.nageebgardizi.com\/wp-content\/uploads\/2011\/09\/Chopin-balladen.jpg 741w\" sizes=\"auto, (max-width: 217px) 100vw, 217px\" \/><\/a><strong>\u201eConcerto Monumentale\u201c \u2013 &#8230;semper dolens, semper Chopin&#8230;<br \/>\n<\/strong><\/p>\n<p style=\"text-align: center;\">Ausgehend von der Idee des Konzertprojekts \u201eConcerto Monumentale\u201c soll in diesem Programm dem gro\u00dfen Komponisten und Pianisten Fr\u00e9d\u00e9ric Chopin ein weiteres Denkmal gesetzt werden.<\/p>\n<p style=\"text-align: center;\">Seine 4 Balladen k\u00f6nnen als eine der ersten Werkzyklen dieser speziellen musikalischen Gattung angesehen werden.<\/p>\n<p style=\"text-align: center;\">Es wird allgemein vermutet, dass Chopin diese 4 Klavierballaden nach Lekt\u00fcre der \u201eLitauischen Balladen\u201c des Nationaldichters und Landsmannes Adam Mickiewicz komponierte.\u00a0 Alle 4 Balladen sind intime Verlautbarungen eines Menschen und Musikers, der zeitlebens zwischen Traum und\u00a0 bitterer Realit\u00e4t lebte: das ewige Schicksal eines Exilanten.<\/p>\n<p style=\"text-align: center;\">In seinem eindrucksvollen kompositorischen Verm\u00e4chtnis, welches \u00fcberwiegend dem Klavier gewidmet ist, nehmen die Balladen in vielerlei Hinsicht eine Sonderstellung ein. In jeder der 4 Balladen tritt der deutlich erz\u00e4hlende Duktus der\u00a0 \u201em\u00e4rchenhaften\u201c Musik zum Vorschein und l\u00e4sst erahnen, in welchen schwindelerregenden Tiefendimensionen Chopin f\u00fchlte und dachte. S\u00e4mtliche Balladen sind gleichsam in einen schwarzen Schleier bitterer Melancholie geh\u00fcllt. Interessant ist jedoch, dass Chopin hier den Zwiespalt an sich zum kompositorischen Thema macht. In dieser Musik scheint er alle Gef\u00fchlswallungen, vom inneren Zweifel, bis hin zur euphorischen Freude, auf geniale Art, flie\u00dfend miteinander zu verbinden. Der Komponist stellt sich hier als hochsensiblen Seismographen seiner schillernden Gef\u00fchlswelt dar, abseits jeder fingierten Virtuosit\u00e4t.<\/p>\n<p style=\"text-align: center;\">Mit den 4 Balladen setzt Chopin selbst seiner Heimat ein musikalisches Monument. Als afghanischer Interpret seiner Werke m\u00f6chte ich ihm mein pers\u00f6nliches Denkmal setzen.<\/p>\n<p style=\"text-align: center;\">(Text: Nageeb Gardizi)<\/p>\n<p>&nbsp;<\/p>\n<p><span style=\"color: #ffffff;\"><a title=\"Chopin, 2. Ballade\" href=\"http:\/\/www.youtube.com\/watch?v=r5CvXAdrZE4\" rel=\"wp-prettyPhoto[g219]\"\"><span style=\"color: #ffffff;\">Chopin&#8217;s vertigo, op. 38\u00a0<\/span><\/a><\/span><\/p>\n<h1><\/h1>\n","protected":false},"excerpt":{"rendered":"<p>\u201eConcerto Monumentale\u201c \u2013 &#8230;semper dolens, semper Chopin&#8230; Ausgehend von der Idee des Konzertprojekts \u201eConcerto Monumentale\u201c soll in diesem Programm dem gro\u00dfen Komponisten und Pianisten Fr\u00e9d\u00e9ric Chopin ein weiteres Denkmal gesetzt werden. Seine 4 Balladen k\u00f6nnen als eine der ersten Werkzyklen dieser speziellen musikalischen Gattung angesehen werden. Es wird allgemein vermutet, dass Chopin diese 4 Klavierballaden [&hellip;]<\/p>\n","protected":false},"author":3,"featured_media":0,"parent":328,"menu_order":0,"comment_status":"open","ping_status":"closed","template":"","meta":{"ngg_post_thumbnail":0,"footnotes":""},"class_list":["post-219","page","type-page","status-publish","hentry"],"_links":{"self":[{"href":"https:\/\/www.nageebgardizi.com\/index.php?rest_route=\/wp\/v2\/pages\/219","targetHints":{"allow":["GET"]}}],"collection":[{"href":"https:\/\/www.nageebgardizi.com\/index.php?rest_route=\/wp\/v2\/pages"}],"about":[{"href":"https:\/\/www.nageebgardizi.com\/index.php?rest_route=\/wp\/v2\/types\/page"}],"author":[{"embeddable":true,"href":"https:\/\/www.nageebgardizi.com\/index.php?rest_route=\/wp\/v2\/users\/3"}],"replies":[{"embeddable":true,"href":"https:\/\/www.nageebgardizi.com\/index.php?rest_route=%2Fwp%2Fv2%2Fcomments&post=219"}],"version-history":[{"count":12,"href":"https:\/\/www.nageebgardizi.com\/index.php?rest_route=\/wp\/v2\/pages\/219\/revisions"}],"predecessor-version":[{"id":956,"href":"https:\/\/www.nageebgardizi.com\/index.php?rest_route=\/wp\/v2\/pages\/219\/revisions\/956"}],"up":[{"embeddable":true,"href":"https:\/\/www.nageebgardizi.com\/index.php?rest_route=\/wp\/v2\/pages\/328"}],"wp:attachment":[{"href":"https:\/\/www.nageebgardizi.com\/index.php?rest_route=%2Fwp%2Fv2%2Fmedia&parent=219"}],"curies":[{"name":"wp","href":"https:\/\/api.w.org\/{rel}","templated":true}]}}