{"id":2111,"date":"2024-12-31T11:20:24","date_gmt":"2024-12-31T11:20:24","guid":{"rendered":"https:\/\/www.nageebgardizi.com\/website\/?page_id=2111"},"modified":"2025-12-27T10:14:55","modified_gmt":"2025-12-27T10:14:55","slug":"sergeij-prokofjew-musik-psyche","status":"publish","type":"page","link":"https:\/\/www.nageebgardizi.com\/website\/?page_id=2111","title":{"rendered":"Musik &#038; Psyche"},"content":{"rendered":"<p>&nbsp;<\/p>\n<p>Die Tiefendimension menschlicher Emotion kennt bekanntlich keine Grenzen. In der gro\u00dfen Welt der Klaviermusik geht es zumeist um eine recht individuelle Liebeserkl\u00e4rung an den Klavierklang. Dabei wird der phantasiebegabte menschliche Geist mitunter zum obsessiven Erotomanen &amp; schafft ein Pandaemonium der Melodien &amp; Harmonien. Realit\u00e4ten wandeln dabei &#8211; zwischen hei\u00dfem Traum, kaltem Wahn &amp; bitters\u00fc\u00dfer Verkl\u00e4rung &#8211; im gr\u00f6\u00dften Gl\u00fcck.&nbsp;<\/p>\n<p>Oder ist alles gar nur ein hemmungsloses Gedankenspiel?<\/p>\n<p>&nbsp;<\/p>\n<p>In seinem Streben nach einem &#8218;Ausdruck machtvoller Empfindungen&#8216; pr\u00e4sentiert sich der junge &amp; extrem eigenwillige Komponist als lakonisches &#8218;\u00e9nfant terrible&#8216; seiner Zeit. Bereits in seinem fr\u00fchen Klavierwerk erkundet er dabei neue &amp; bis dahin unerh\u00f6rte Harmonien, ohne dabei auf rhythmische H\u00e4rten zu verzichten. Die sich traumhaft &amp; immerzu einschleichende bitters\u00fc\u00dfe Lyrik einer noch jungen Seele erg\u00e4nzt die d\u00e4monischen Klangexperimente dieses aufstrebenden &amp; stets elegant gekleideten Tonsetzers auf magische Weise.<\/p>\n<p>&nbsp;<\/p>\n<p><a href=\"https:\/\/pauluskirche.info\/choere\/konzerte\/\"><strong>Pauluskirche, Moritzplatz, 47803 Krefeld<\/strong><\/a><\/p>\n<p><strong>Einf\u00fchrung: 17.30h, Konzertbeginn: 18h<\/strong><\/p>\n<p>&nbsp;<\/p>\n<p>26.01.&#8217;25<\/p>\n<p>Basilika St. Aposteln, K\u00f6ln, 16h<\/p>\n<p><em>Visions fugitives, op. 22<\/em> (1915-17)<\/p>\n<p>&nbsp;<\/p>\n<p>&nbsp;<\/p>\n<p><em>Gedankenspiel<\/em><\/p>\n<p>4 \u00c9tudes, op. 2 (1909); 4 Pi\u00e9ces, op. 3: <em>Erz\u00e4hlung<\/em>, <em>Scherz<\/em>, <em>Marsch<\/em>, <em>Phantom<\/em> (1907\/11); 4 Pi\u00e9ces, op. 4: <em>Erinnerung<\/em>, <em>Aufschwung<\/em>, <em>Verzweiflung<\/em>, <em>Teuflische Einfl\u00fcsterung <\/em>(1908\/12); Sarcasmen, op. 17 (1912-14); <em>Visions fugitives<\/em>, op. 22 (1915-17)<\/p>\n<p>&nbsp;<\/p>\n<p>01.02.&#8217;25<\/p>\n<p><a href=\"https:\/\/www.pianooptik.de\/events\">PianO-Optik K\u00f6ln<\/a>, 19h<\/p>\n<p>&nbsp;<\/p>\n<p>23.02.&#8217;25<\/p>\n<p>Pauluskirche Krefeld, 17.30\/18h<\/p>\n<p>&nbsp;<\/p>\n<p>&nbsp;<\/p>\n<p><em>In Memoriam&#8230;<\/em><\/p>\n<p><a href=\"https:\/\/youtu.be\/TBbmAsMM-Fg\">Klaviersonate No. 1 in f-moll,&nbsp; op. 1 (1907\/09)<\/a><\/p>\n<p><a href=\"https:\/\/youtu.be\/5vyH6MpPGqE\">Klaviersonate No. 2 in d-moll, op. 14 (1912)<\/a><\/p>\n<p><a href=\"https:\/\/youtu.be\/-K7oHdXty0A\">Klaviersonate No. 3 in a-moll, op. 28 <em>d&#8217;apr\u00e9s des vieux cahiers<\/em>, (1907\/17)<\/a><\/p>\n<p><a href=\"https:\/\/youtu.be\/GVA5wEk3I7w\">Klaviersonate No. 4 in c-moll. op. 29 <em>d&#8217;apr\u00e9s des vieux cahiers<\/em>, (1907\/17)<\/a><\/p>\n<p>&nbsp;<\/p>\n<p>03.05.&#8217;25<\/p>\n<p><a href=\"https:\/\/www.pianooptik.de\/events\">PianOOptik K\u00f6ln, 19h<\/a><\/p>\n<p>&nbsp;<\/p>\n<p>11.05.&#8217;25<\/p>\n<p>Pauluskirche Krefeld, 17.30\/18h<\/p>\n<p>&nbsp;<\/p>\n<p>14.05.&#8217;25<\/p>\n<p><em>Aula-Konzerte<\/em><\/p>\n<p>Aula an St. Aposteln K\u00f6ln, 19h<\/p>\n<p>&nbsp;<\/p>\n<p>&nbsp;<\/p>\n<p style=\"text-align: left;\"><em>Sergeij Prokofjew &amp; Max Reger &#8211; ein R\u00fcckblick<\/em><\/p>\n<p>St. Petersburg &#8211; 1906: Ein Teenager h\u00f6rt, &amp; erlebt, was ihn f\u00fcr sein kompositorisches Leben pr\u00e4gen sollte. Ein gro\u00dfartiges Trauma, eine schaurige&nbsp; Offenbarung. Jene Synchronizit\u00e4t der Gedanken, welche den alternden Max Reger, wie auch den jungen Absolventen Sergeij Prokofjew im Spiegel der Zeit zur\u00fcckblicken lies&#8230;<\/p>\n<p style=\"text-align: left;\">&nbsp;<\/p>\n<p style=\"text-align: left;\">Max Reger<br \/>\n(1873 &#8211; 1916)<\/p>\n<p style=\"text-align: left;\"><a href=\"https:\/\/youtu.be\/5hjSRlj9BB8\">Tr\u00e4ume am Kamin, op. 143<\/a> (1915)<br \/>\n<em>12 kleine Klavierst\u00fccke<\/em><\/p>\n<p style=\"text-align: left;\"><em>Larghetto. Con moto. Molto adagio. Allegretto grazioso. Agitato. Poco vivace. Molto sostenuto. Vivace (Et\u00fcde). Larghetto. Vivace (Humoreske). Andantino. Studie: Larghetto.<\/em><\/p>\n<p style=\"text-align: left;\">&nbsp;<\/p>\n<p style=\"text-align: left;\">Sergeij Prokofjew<br \/>\n(1891 &#8211; 1953)<\/p>\n<p style=\"text-align: left;\"><a href=\"https:\/\/youtu.be\/Q5UyYKZOhhU\">10 kleine Klavierst\u00fccke, op. 12<\/a> (1906-13)<\/p>\n<p style=\"text-align: left;\"><em>Marche. Gavotte. Rigaudon. Mazurka. Caprice. Leg\u00e9nde. Pr\u00e9lude. Allemande. Scherzo humoristique. Scherzo.<\/em><\/p>\n<p style=\"text-align: left;\">&nbsp;<\/p>\n<p>&nbsp;<\/p>\n<p>Samstag, 02. 08. &#8217;25, 19h, PianO-Optik, Luxemburger Str. 234, 50937 K\u00f6ln<\/p>\n<p>&nbsp;<\/p>\n<p>Sonntag, 07. 09. &#8217;25, 18h, Pauluskirche, Moritzplatz, 47803 Krefeld<\/p>\n<p>&nbsp;<\/p>\n<p>Samstag, 13. 09. &#8217;25, 16h, CityKirche Elberfeld, Kirchplatz, 42103 Wuppertal<\/p>\n<p>&nbsp;<\/p>\n<p>&nbsp;<\/p>\n<p>&nbsp;<\/p>\n<p>&nbsp;<\/p>\n<p><em>Gabriel Faur\u00e9 &#8211; Equilibrium<\/em><\/p>\n<p>&nbsp;<\/p>\n<p>Wer noch an Engel glaubt, kann in Monsieur le M\u00e2itre Faur\u00e9 den musikalischen Erzengel Gabriel, als Vision\u00e4r der Liebe &amp; dem Worte Gottes erblicken. Ein Mensch als sinnliches Klangmedium; ein ewiger Gesang, ohne Anfang, ohne Ende, in Freud&#8216;, in Leid &#8211; in Equilibrium<\/p>\n<p>&nbsp;<\/p>\n<p>Gabriel Faur\u00e9<br \/>\n(1845 &#8211; 1924)<\/p>\n<p>&nbsp;<\/p>\n<p><a href=\"https:\/\/youtu.be\/SJZE1XCF7j8\">Trois Romances sans Paroles, op. 17 (1863)<\/a><\/p>\n<p><em>Andante quasi allegretto. Allegro molto. Andante moderato.<\/em><\/p>\n<p>&nbsp;<\/p>\n<p><a href=\"https:\/\/youtu.be\/_Thv9TFy6L0\">Mazurka pour Piano, op. 32 (1875)<\/a><\/p>\n<p>&nbsp;<\/p>\n<p><a href=\"https:\/\/youtu.be\/JY9p-DYAG-I\">Ballade pour Piano, op. 19 (1877-79)<\/a><br \/>\n<em>d\u00e9di\u00e9e \u00e1 Camille Saint-Saens<\/em><\/p>\n<p>&nbsp;<\/p>\n<p><a href=\"https:\/\/youtu.be\/A6K22THpGuI\">9 Pr\u00e9ludes pour Piano, op. 103 (1909\/10)<\/a><\/p>\n<p><em>Andante molto moderato. Allegro. Andante. Allegretto moderato. Allegro. Andante. Andante moderato. Allegro. Adagio.<\/em><\/p>\n<p>&nbsp;<\/p>\n<p>&nbsp;<\/p>\n<p>Samstag, 01. 11. &#8217;25, 19h, <a href=\"https:\/\/www.pianooptik.de\/events\">PianO-Optik<\/a>, Luxemburger Str. 234, 50937 K\u00f6ln<\/p>\n<p>&nbsp;<\/p>\n<p>Sonntag, 02. 11. &#8217;25, 17.30\/18h, Pauluskirche Krefeld, Moritzplatz, 47803 Krefeld<\/p>\n<p>&nbsp;<\/p>\n<p>Freitag, 07.11. &#8217;25, 19.30h &amp; Sonntag, 09.11. &#8217;25, 16h,<\/p>\n<p>Kunstwerkstatt am Hellweg, Wattenscheider Hellweg 9, 44869 Bochum<\/p>\n<p>&nbsp;<\/p>\n<p>Sonntag, 16.11.&#8217;25, 16h<\/p>\n<p><em>Sonntagsmusik&nbsp;<\/em><\/p>\n<p>Basilika St. Aposteln, Apostelnkloster, 50672 K\u00f6ln<\/p>\n","protected":false},"excerpt":{"rendered":"<p>&nbsp; Die Tiefendimension menschlicher Emotion kennt bekanntlich keine Grenzen. In der gro\u00dfen Welt der Klaviermusik geht es zumeist um eine recht individuelle Liebeserkl\u00e4rung an den Klavierklang. Dabei wird der phantasiebegabte menschliche Geist mitunter zum obsessiven Erotomanen &amp; schafft ein Pandaemonium der Melodien &amp; Harmonien. Realit\u00e4ten wandeln dabei &#8211; zwischen hei\u00dfem Traum, kaltem Wahn &amp; bitters\u00fc\u00dfer [&hellip;]<\/p>\n","protected":false},"author":4,"featured_media":0,"parent":1105,"menu_order":0,"comment_status":"closed","ping_status":"closed","template":"","meta":{"ngg_post_thumbnail":0,"footnotes":""},"class_list":["post-2111","page","type-page","status-publish","hentry"],"_links":{"self":[{"href":"https:\/\/www.nageebgardizi.com\/index.php?rest_route=\/wp\/v2\/pages\/2111","targetHints":{"allow":["GET"]}}],"collection":[{"href":"https:\/\/www.nageebgardizi.com\/index.php?rest_route=\/wp\/v2\/pages"}],"about":[{"href":"https:\/\/www.nageebgardizi.com\/index.php?rest_route=\/wp\/v2\/types\/page"}],"author":[{"embeddable":true,"href":"https:\/\/www.nageebgardizi.com\/index.php?rest_route=\/wp\/v2\/users\/4"}],"replies":[{"embeddable":true,"href":"https:\/\/www.nageebgardizi.com\/index.php?rest_route=%2Fwp%2Fv2%2Fcomments&post=2111"}],"version-history":[{"count":25,"href":"https:\/\/www.nageebgardizi.com\/index.php?rest_route=\/wp\/v2\/pages\/2111\/revisions"}],"predecessor-version":[{"id":2281,"href":"https:\/\/www.nageebgardizi.com\/index.php?rest_route=\/wp\/v2\/pages\/2111\/revisions\/2281"}],"up":[{"embeddable":true,"href":"https:\/\/www.nageebgardizi.com\/index.php?rest_route=\/wp\/v2\/pages\/1105"}],"wp:attachment":[{"href":"https:\/\/www.nageebgardizi.com\/index.php?rest_route=%2Fwp%2Fv2%2Fmedia&parent=2111"}],"curies":[{"name":"wp","href":"https:\/\/api.w.org\/{rel}","templated":true}]}}