{"id":2086,"date":"2024-09-09T21:41:24","date_gmt":"2024-09-09T21:41:24","guid":{"rendered":"https:\/\/www.nageebgardizi.com\/website\/?page_id=2086"},"modified":"2024-09-09T22:07:13","modified_gmt":"2024-09-09T22:07:13","slug":"prokofjew-japan-sehnsucht-nach-freiheit","status":"publish","type":"page","link":"https:\/\/www.nageebgardizi.com\/website\/?page_id=2086","title":{"rendered":"Prokofjew &#038; Japan &#8211; Sehnsucht nach Freiheit"},"content":{"rendered":"<p>1918 &#8211; Das Jahr der Wende &#8211; Gen Osten.<\/p>\n<p>Der Erdball befindet sich&nbsp; &#8211; in westlicher, wie auch \u00f6stlicher Hemisph\u00e4re &#8211; im Taumel revolution\u00e4rer Ereignisse, welche regelrechte Purzelb\u00e4ume schlagen &amp; dabei recht rasante Piroutten in alle Richtungen drehen. Der junge Sergej Prokofjew wei\u00df nicht, was tun, wie sich einbringen. Diese Form des blutigen Neuanfangs sucht er nicht; seinem klaren, lebensbejahenden, jugendlichen Geist &amp; Bewu\u00dftsein ist sie keine Heimat.<\/p>\n<p>Stattdessen sucht er ihn &#8211; aus der puren Not augenblicklicher Verzweiflung &#8211; in Fernost &amp; verliebt sich in Japan, in seine Tempel &amp;&#8230;unwirklichen Geishas&#8230;<\/p>\n<p>Das kaiserliche Japan der Taish\u014d-Dynastie war wohl der s\u00fc\u00dfeste Traum, den er in seinem noch jungen Leben real erleben durfte. In diesem Zustand best\u00e4ndiger \u00dcberw\u00e4ltigung fing er das erste Mal an, ernsthaft \u00fcber seine wahre Bestimmung nachzudenken.<\/p>\n<p>&nbsp;<\/p>\n<p><strong>Sergej Prokofjew<\/strong><\/p>\n<p><em>4 Klavierst\u00fccke, op. 32 (1918)<\/em><\/p>\n<p><em>Finale aus der Klaviersonate No. 4 in c-moll, op. 29 (1917)<\/em><\/p>\n<p><em>&#8218;Marsch&#8216; aus der B\u00fchnenmusik zu &#8218;Die Liebe zu den drei Orangen&#8216;, op. 33 (1919)<\/em><\/p>\n<p>&nbsp;<\/p>\n<p><strong>Lesung &amp; Musik<\/strong><\/p>\n<p>Barbara Conrady-Takenaka, Rezitation<\/p>\n<p>Nageeb Gardizi, Klavier<\/p>\n<p>Samstag, 28.09.2024, 18h<\/p>\n<p>Music-Academy H\u00fcrth, Weierstra\u00dfe 4, 50354 Alt-H\u00fcrth<\/p>\n<p>&nbsp;<\/p>\n<p>&nbsp;<\/p>\n<p>&nbsp;<\/p>\n","protected":false},"excerpt":{"rendered":"<p>1918 &#8211; Das Jahr der Wende &#8211; Gen Osten. Der Erdball befindet sich&nbsp; &#8211; in westlicher, wie auch \u00f6stlicher Hemisph\u00e4re &#8211; im Taumel revolution\u00e4rer Ereignisse, welche regelrechte Purzelb\u00e4ume schlagen &amp; dabei recht rasante Piroutten in alle Richtungen drehen. Der junge Sergej Prokofjew wei\u00df nicht, was tun, wie sich einbringen. Diese Form des blutigen Neuanfangs sucht [&hellip;]<\/p>\n","protected":false},"author":4,"featured_media":0,"parent":186,"menu_order":0,"comment_status":"closed","ping_status":"closed","template":"","meta":{"ngg_post_thumbnail":0,"footnotes":""},"class_list":["post-2086","page","type-page","status-publish","hentry"],"_links":{"self":[{"href":"https:\/\/www.nageebgardizi.com\/index.php?rest_route=\/wp\/v2\/pages\/2086","targetHints":{"allow":["GET"]}}],"collection":[{"href":"https:\/\/www.nageebgardizi.com\/index.php?rest_route=\/wp\/v2\/pages"}],"about":[{"href":"https:\/\/www.nageebgardizi.com\/index.php?rest_route=\/wp\/v2\/types\/page"}],"author":[{"embeddable":true,"href":"https:\/\/www.nageebgardizi.com\/index.php?rest_route=\/wp\/v2\/users\/4"}],"replies":[{"embeddable":true,"href":"https:\/\/www.nageebgardizi.com\/index.php?rest_route=%2Fwp%2Fv2%2Fcomments&post=2086"}],"version-history":[{"count":6,"href":"https:\/\/www.nageebgardizi.com\/index.php?rest_route=\/wp\/v2\/pages\/2086\/revisions"}],"predecessor-version":[{"id":2090,"href":"https:\/\/www.nageebgardizi.com\/index.php?rest_route=\/wp\/v2\/pages\/2086\/revisions\/2090"}],"up":[{"embeddable":true,"href":"https:\/\/www.nageebgardizi.com\/index.php?rest_route=\/wp\/v2\/pages\/186"}],"wp:attachment":[{"href":"https:\/\/www.nageebgardizi.com\/index.php?rest_route=%2Fwp%2Fv2%2Fmedia&parent=2086"}],"curies":[{"name":"wp","href":"https:\/\/api.w.org\/{rel}","templated":true}]}}