{"id":2018,"date":"2024-01-31T10:01:36","date_gmt":"2024-01-31T10:01:36","guid":{"rendered":"https:\/\/www.nageebgardizi.com\/website\/?page_id=2018"},"modified":"2025-01-01T10:12:56","modified_gmt":"2025-01-01T10:12:56","slug":"bach","status":"publish","type":"page","link":"https:\/\/www.nageebgardizi.com\/website\/?page_id=2018","title":{"rendered":"Bach+"},"content":{"rendered":"<p><strong>Bach+<\/strong><\/p>\n<p>&nbsp;<\/p>\n<p>Nageeb &amp; Herr cantoris thomanae Bach.<\/p>\n<p>Warum nur hat er ihn gemieden?<\/p>\n<p>Wahrscheinlich war&#8217;s ein \u00fcbersteigerter Katechismus, der seine dunklen Schatten \u00fcber eine Beziehung warf, welche viel fr\u00fcher h\u00e4tte beginnen k\u00f6nnen&#8230;<\/p>\n<p>Ist er Anfang &amp; Ende aller Musik?<\/p>\n<p>JSB war nicht nur Thomaskantor, Vater &amp; Komponist. Er hatte auch ein Leben im Davor &amp; Danach.<\/p>\n<p>Begegnungen der etwas anderen Art, welche Nageeb mit Euch allen an 6 Sonntagen teilen m\u00f6chte.<\/p>\n<p>&nbsp;<\/p>\n<p><strong>Pauluskirche&nbsp; <\/strong><\/p>\n<p><strong>H\u00fclser Str. 171\/Moritzplatz, 47803 Krefeld<\/strong><\/p>\n<p>&nbsp;<\/p>\n<p><strong>10.03. 2024<\/strong><\/p>\n<p><em>&#8218;\u00e1 la francaise&#8216;<\/em><\/p>\n<p>&nbsp;<\/p>\n<p>Francois Couperin<\/p>\n<p><a href=\"https:\/\/youtu.be\/r0DOwO6V_PM\">25i\u00e8me Ordre pour Clavecin<\/a><\/p>\n<p>La Visionaire.&nbsp; La Mist\u00e9rieuse.&nbsp; La Monflambert.&nbsp; La Muse victorieuse.<\/p>\n<p>Les Ombres errantes.<\/p>\n<p>&nbsp;<\/p>\n<p>JSB<\/p>\n<p><a href=\"https:\/\/youtu.be\/zKuelkxuI6o\">Ouverture in h &#8211; moll nach franz\u00f6sischer Art, BWV 831<\/a><\/p>\n<p>Ouverture.&nbsp;Courante. Gavotte I \u2013 Gavotte II.&nbsp; Passepied I \u2013 Passepied II. Sarabande. Bourr\u00e9e I \u2013 Bourr\u00e9e II.&nbsp; Gigue. Echo<\/p>\n<p>&nbsp;<\/p>\n<p>Maurice Ravel<\/p>\n<p><a href=\"https:\/\/youtu.be\/45fjUc14XRA\">Le Tombeau de Couperin<\/a><\/p>\n<p>Pr\u00e9lude. Fugue. Forlane. Rigaudon. Menuet. Toccata.<\/p>\n<p>&nbsp;<\/p>\n<p><strong>05.05. 2024<\/strong><\/p>\n<p><em>Toccatissima!<\/em><\/p>\n<p>&nbsp;<\/p>\n<p>Johann Jacob Froberger<\/p>\n<p><a href=\"https:\/\/youtu.be\/24RbUY0OyeA\">Toccata VI g-moll (&#8218;da sonarsi alla levatione&#8216;)<\/a><\/p>\n<p>&nbsp;<\/p>\n<p>JSB<\/p>\n<p><a href=\"https:\/\/youtu.be\/x289kFZtXg4\">Toccata in e-moll, BWV 914<\/a>, Toccata g-moll, BWV 915<\/p>\n<p>&nbsp;<\/p>\n<p>Alessandro Scarlatti<\/p>\n<p>Toccata all&#8216; Ottava Stesa (1723)<\/p>\n<p>&nbsp;<\/p>\n<p>Robert Schumann<\/p>\n<p>Toccata C-Dur, op. 7 (1833)<\/p>\n<p>&nbsp;<\/p>\n<p>C\u00e9cile Chaminade<\/p>\n<p><a href=\"https:\/\/youtu.be\/1ab_frHEfYw\">Toccata, op. 39 (1887)<\/a><\/p>\n<p>&nbsp;<\/p>\n<p>Sergeij Prokofiev<\/p>\n<p><a href=\"https:\/\/youtu.be\/5MStKumrltk\">Toccata d-moll, op. 11 (1912)<\/a><\/p>\n<p>&nbsp;<\/p>\n<p>&nbsp;<\/p>\n<p>&nbsp;<\/p>\n<p><strong>23.06. 2024<\/strong><\/p>\n<p><a href=\"https:\/\/youtu.be\/8IUE-JxkoG4\"><em>BaChopin &#8211; Ein Wohltemperirtes Clavier<\/em><\/a><\/p>\n<p>Integration der 12 (Dur-) Fugen aus JSB&#8217;s &#8218;Das Wohltemperirte Clavier&#8216; (I)<br \/>\n&amp; den 24 Pr\u00e9ludes, op. 28 von Fr\u00e9d\u00e9ric Chopin<\/p>\n<p>&nbsp;<\/p>\n<p><strong>08.09. 2024<\/strong><\/p>\n<p><em>BachItalia<\/em><\/p>\n<p>&nbsp;<\/p>\n<p>JSB<\/p>\n<p>Concerto in italiaenischem Gusto, BWV 971<\/p>\n<p>&nbsp;<\/p>\n<p>Praeludium &amp; Fuga \u00fcber ein Thema von Tomaso Albinoni, BWV 923\/951<\/p>\n<p>&nbsp;<\/p>\n<p>Alessandro Marcello\/JSB<\/p>\n<p><a href=\"https:\/\/youtu.be\/Pr3HoHeq1gc\">Concerto in d nach Alessandro Marcello, BWV 974<\/a><\/p>\n<p>&nbsp;<\/p>\n<p>Alfredo Casella<\/p>\n<p><a href=\"https:\/\/youtu.be\/ciCE93mlhlo\">Due Ricercari sul nome di B-A-C-H (1932)<\/a><\/p>\n<p>&nbsp;<\/p>\n<p>Ferruccio Busoni<\/p>\n<p><a href=\"https:\/\/youtu.be\/XH_5HVPzcdM\">Fantasia nach Johann Sebastian Bach, BV 253 (1909)<\/a><\/p>\n<p>&nbsp;<\/p>\n<p>&nbsp;<\/p>\n<p><strong>06.10.2024<\/strong><\/p>\n<p><em>Contrapunctus<\/em><\/p>\n<p>&nbsp;<\/p>\n<p>JSB<\/p>\n<p><a href=\"https:\/\/youtu.be\/6aZ0XMiYkPY\">Contrapunctus primus, BWV 1080<\/a><\/p>\n<p>&nbsp;<\/p>\n<p>Sergeij Taneijev<\/p>\n<p><a href=\"https:\/\/youtu.be\/-9_TIYujpSE\">Praeludium &amp; Fuga in g#, op. 29 (1910)<\/a><\/p>\n<p>&nbsp;<\/p>\n<p>JSB<\/p>\n<p>Contrapunctus Secundus, BWV 1080<\/p>\n<p>&nbsp;<\/p>\n<p>Sergeij Rachmaninov<\/p>\n<p>Pr\u00e9lude in h-moll, op. 32, No. 10&nbsp; (1910)<\/p>\n<p>&nbsp;<\/p>\n<p>Alexander Skrjabin<\/p>\n<p><a href=\"https:\/\/youtu.be\/_2mdiI43sT4\">Fuga \u00e1 5 voci, WoO 20 (1891\/92)<\/a><\/p>\n<p>&nbsp;<\/p>\n<p>JSB<\/p>\n<p><a href=\"https:\/\/youtu.be\/r99C_Y57dbo\">Canon per augmentationem in contrario motu, BWV 1080<\/a><\/p>\n<p>&nbsp;<\/p>\n<p>Alexeij Stanchinsky<\/p>\n<p><a href=\"https:\/\/youtu.be\/Gl74OY0dJ_Q\">Pr\u00e9lude en mode lydique (1908)<\/a><\/p>\n<p>&nbsp;<\/p>\n<p>JSB<\/p>\n<p><a href=\"https:\/\/youtu.be\/xOm4rhTfZk0\">Contrapunctus inversus, BWV 1080<\/a><\/p>\n<p>&nbsp;<\/p>\n<p>Dieterich Buxtehude\/Sergeij Prokofiev<\/p>\n<p>Praeludium &amp; Fuga in d-moll f\u00fcr Orgel, BuxWV 140<\/p>\n<p>Transcription f\u00fcr Klavier Solo von Sergeij Prokofiev (1919)<\/p>\n<p>&nbsp;<\/p>\n<p>JSB<\/p>\n<p><a href=\"https:\/\/youtu.be\/Bwlc8Ci5QR0\">Contrapunctus ultimus (fragment, &#8218;\u00e1 tre sogetti&#8216;)<\/a><\/p>\n<p>&nbsp;<\/p>\n<p>&nbsp;<\/p>\n<p>&nbsp;<\/p>\n<p><strong>26.10.&#8217;24, 16h, <a href=\"https:\/\/www.wuppertal-live.de\/?530144\">CityKirche Wuppertal<\/a><\/strong><\/p>\n<p><strong>03.11.&#8217;24, 18h, Pauluskirche Krefeld<\/strong><\/p>\n<p>&nbsp;<\/p>\n<p>Johann Sebastian Bach &amp; seine &#8218;Goldberge&#8216; in Wuppertal &amp; Krefeld!<\/p>\n<p><em>JSB<\/em><\/p>\n<p><a href=\"https:\/\/youtu.be\/KE-STqrWCdA\"><em>Clavierubung: &#8218;Aria mit verschiedenen Veraenderungen vor&#8217;s Clavicimbal mit 2 Manualen&#8216;<\/em>, aka &#8218;Goldberg-Variationen&#8216;, BWV 988 (1741)<\/a><\/p>\n<p>&nbsp;<\/p>\n<p>&nbsp;<\/p>\n<p>&nbsp;<\/p>\n<p>&nbsp;<\/p>\n<p>&nbsp;<\/p>\n<p>&nbsp;<\/p>\n","protected":false},"excerpt":{"rendered":"<p>Bach+ &nbsp; Nageeb &amp; Herr cantoris thomanae Bach. Warum nur hat er ihn gemieden? Wahrscheinlich war&#8217;s ein \u00fcbersteigerter Katechismus, der seine dunklen Schatten \u00fcber eine Beziehung warf, welche viel fr\u00fcher h\u00e4tte beginnen k\u00f6nnen&#8230; Ist er Anfang &amp; Ende aller Musik? JSB war nicht nur Thomaskantor, Vater &amp; Komponist. Er hatte auch ein Leben im Davor [&hellip;]<\/p>\n","protected":false},"author":4,"featured_media":2021,"parent":664,"menu_order":0,"comment_status":"closed","ping_status":"closed","template":"","meta":{"ngg_post_thumbnail":0,"footnotes":""},"class_list":["post-2018","page","type-page","status-publish","has-post-thumbnail","hentry"],"_links":{"self":[{"href":"https:\/\/www.nageebgardizi.com\/index.php?rest_route=\/wp\/v2\/pages\/2018","targetHints":{"allow":["GET"]}}],"collection":[{"href":"https:\/\/www.nageebgardizi.com\/index.php?rest_route=\/wp\/v2\/pages"}],"about":[{"href":"https:\/\/www.nageebgardizi.com\/index.php?rest_route=\/wp\/v2\/types\/page"}],"author":[{"embeddable":true,"href":"https:\/\/www.nageebgardizi.com\/index.php?rest_route=\/wp\/v2\/users\/4"}],"replies":[{"embeddable":true,"href":"https:\/\/www.nageebgardizi.com\/index.php?rest_route=%2Fwp%2Fv2%2Fcomments&post=2018"}],"version-history":[{"count":24,"href":"https:\/\/www.nageebgardizi.com\/index.php?rest_route=\/wp\/v2\/pages\/2018\/revisions"}],"predecessor-version":[{"id":2122,"href":"https:\/\/www.nageebgardizi.com\/index.php?rest_route=\/wp\/v2\/pages\/2018\/revisions\/2122"}],"up":[{"embeddable":true,"href":"https:\/\/www.nageebgardizi.com\/index.php?rest_route=\/wp\/v2\/pages\/664"}],"wp:featuredmedia":[{"embeddable":true,"href":"https:\/\/www.nageebgardizi.com\/index.php?rest_route=\/wp\/v2\/media\/2021"}],"wp:attachment":[{"href":"https:\/\/www.nageebgardizi.com\/index.php?rest_route=%2Fwp%2Fv2%2Fmedia&parent=2018"}],"curies":[{"name":"wp","href":"https:\/\/api.w.org\/{rel}","templated":true}]}}