{"id":1923,"date":"2023-06-16T08:51:59","date_gmt":"2023-06-16T08:51:59","guid":{"rendered":"https:\/\/www.nageebgardizi.com\/website\/?page_id=1923"},"modified":"2023-06-20T09:27:21","modified_gmt":"2023-06-20T09:27:21","slug":"vivat-azerbaidjan-der-kaukasus-in-europa","status":"publish","type":"page","link":"https:\/\/www.nageebgardizi.com\/website\/?page_id=1923","title":{"rendered":"Vivat Azerbaidjan! &#8211; Der Kaukasus in Europa"},"content":{"rendered":"<p>&nbsp;<\/p>\n<p>&nbsp;<\/p>\n<p>Nageeb ist froh &amp; stolz, einige Glanzlichter dieses f\u00fcr die zentralasiatische Kultur wichtigen Landes, europ\u00e4ischen Ohren zu Geh\u00f6r bringen zu d\u00fcrfen. Als Kind des unweit gelegen zentralasiatischen Staates Afghanistan, ist es ihm eine besondere Ehre, die gro\u00dfen, hierzulande kaum bekannten Musikerper\u00f6nlichkeiten dieser historisch gewachsenen &amp; reichen Musikkultur, in all&#8216; ihren Facetten &amp; Farben einer offen H\u00f6rerschaft pr\u00e4sentieren zu d\u00fcrfen.&nbsp;<\/p>\n<p>Der Azerbaidjan, als Br\u00fccke zwischen Orient &amp; Okzident.<\/p>\n<p>Der Kaukasus, als Wiege zentralasiatischer Kultur &#8211; kommet &amp; staunet!<\/p>\n<p>&nbsp;<\/p>\n<p><strong>Sonntag, 30.07. &#8217;23, 16h<\/strong><\/p>\n<p><a href=\"https:\/\/www.facebook.com\/events\/1009088340454804\/?ref=newsfeed\"><em>&#8218;Sonntagsmusik&#8216;<\/em><\/a><\/p>\n<p>Basilika St. Aposteln<\/p>\n<p>Neumarkt 30, 50667 K\u00f6ln<\/p>\n<p>&nbsp;<\/p>\n<p>&nbsp;<\/p>\n<p style=\"text-align: center;\"><strong>Vivat Azerbaidjan! &#8211; der Kaukasus in Europa<\/strong><\/p>\n<p style=\"text-align: center;\">&nbsp;<\/p>\n<p style=\"text-align: center;\">&nbsp;<\/p>\n<p style=\"text-align: center;\">Fikret Amirov<br \/>\n(1922 &#8211; 1984)<\/p>\n<p style=\"text-align: center;\">&nbsp;<\/p>\n<p style=\"text-align: center;\"><strong>Variationen f\u00fcr Klavier<\/strong><\/p>\n<p style=\"text-align: center;\">dem Andenken des Nationalkomponisten &amp; Gr\u00fcnders<\/p>\n<p style=\"text-align: center;\">des Konservatoriums Baku, \u00dcseyr Hajibeyli, gewidmet<\/p>\n<p style=\"text-align: center;\">&nbsp;<\/p>\n<p style=\"text-align: center;\">Qara Qarajev<br \/>\n(1918 &#8211; 1982)<\/p>\n<p style=\"text-align: center;\">&nbsp;<\/p>\n<p style=\"text-align: center;\"><strong>&#8218;Don Quix\u00f3te&#8216;<\/strong><\/p>\n<p style=\"text-align: center;\"><em>symphonische Gravuren nach dem gleichnamigen Roman <\/em><\/p>\n<p style=\"text-align: center;\"><em>von Miguel de Cerv\u00e1ntes<\/em><\/p>\n<p style=\"text-align: center;\">Transkription f\u00fcr Klavier solo von Faradj Qarajev<\/p>\n<p style=\"text-align: center;\">&nbsp;<\/p>\n<p style=\"text-align: center;\">Wanderschaft. Sancho Pensa &#8211; Gouverneur. Wanderschaft.<\/p>\n<p style=\"text-align: center;\">Aldonsa (Dulcinea). Wanderschaft. Pavana. Kavalkad\u00e1 (Galopp).<\/p>\n<p style=\"text-align: center;\">Der Tod des Don Quix\u00f3te.<\/p>\n<p style=\"text-align: center;\">&nbsp;<\/p>\n<p style=\"text-align: center;\">Tofiq Qulijev<br \/>\n(1917 &#8211; 2000)<\/p>\n<p style=\"text-align: center;\"><strong>&#8218;Qaytaghi&#8216;<\/strong><br \/>\n<em>(Tarantella azerbaidjana)<\/em><\/p>\n","protected":false},"excerpt":{"rendered":"<p>&nbsp; &nbsp; Nageeb ist froh &amp; stolz, einige Glanzlichter dieses f\u00fcr die zentralasiatische Kultur wichtigen Landes, europ\u00e4ischen Ohren zu Geh\u00f6r bringen zu d\u00fcrfen. Als Kind des unweit gelegen zentralasiatischen Staates Afghanistan, ist es ihm eine besondere Ehre, die gro\u00dfen, hierzulande kaum bekannten Musikerper\u00f6nlichkeiten dieser historisch gewachsenen &amp; reichen Musikkultur, in all&#8216; ihren Facetten &amp; Farben [&hellip;]<\/p>\n","protected":false},"author":4,"featured_media":0,"parent":1396,"menu_order":0,"comment_status":"closed","ping_status":"closed","template":"","meta":{"ngg_post_thumbnail":0,"footnotes":""},"class_list":["post-1923","page","type-page","status-publish","hentry"],"_links":{"self":[{"href":"https:\/\/www.nageebgardizi.com\/index.php?rest_route=\/wp\/v2\/pages\/1923","targetHints":{"allow":["GET"]}}],"collection":[{"href":"https:\/\/www.nageebgardizi.com\/index.php?rest_route=\/wp\/v2\/pages"}],"about":[{"href":"https:\/\/www.nageebgardizi.com\/index.php?rest_route=\/wp\/v2\/types\/page"}],"author":[{"embeddable":true,"href":"https:\/\/www.nageebgardizi.com\/index.php?rest_route=\/wp\/v2\/users\/4"}],"replies":[{"embeddable":true,"href":"https:\/\/www.nageebgardizi.com\/index.php?rest_route=%2Fwp%2Fv2%2Fcomments&post=1923"}],"version-history":[{"count":7,"href":"https:\/\/www.nageebgardizi.com\/index.php?rest_route=\/wp\/v2\/pages\/1923\/revisions"}],"predecessor-version":[{"id":1933,"href":"https:\/\/www.nageebgardizi.com\/index.php?rest_route=\/wp\/v2\/pages\/1923\/revisions\/1933"}],"up":[{"embeddable":true,"href":"https:\/\/www.nageebgardizi.com\/index.php?rest_route=\/wp\/v2\/pages\/1396"}],"wp:attachment":[{"href":"https:\/\/www.nageebgardizi.com\/index.php?rest_route=%2Fwp%2Fv2%2Fmedia&parent=1923"}],"curies":[{"name":"wp","href":"https:\/\/api.w.org\/{rel}","templated":true}]}}