{"id":192,"date":"2011-09-09T22:22:47","date_gmt":"2011-09-09T22:22:47","guid":{"rendered":"http:\/\/www.nageebgardizi.com\/website\/?page_id=192"},"modified":"2011-12-04T23:20:17","modified_gmt":"2011-12-04T23:20:17","slug":"my-youtube","status":"publish","type":"page","link":"https:\/\/www.nageebgardizi.com\/website\/?page_id=192","title":{"rendered":"My Youtube"},"content":{"rendered":"<p><a title=\"Bach, Kunst der Fuge, Contrapunkt 2\" href=\"http:\/\/www.youtube.com\/watch?v=lQU4cAUdgqM\" rel=\"wp-prettyPhoto[g192]\"\"><strong>Bach<\/strong>, Kunst der Fuge, Contrapunkt 1<\/a><strong><\/strong><\/p>\n<p><a title=\"Bach, Kunst der Fuge, Contrapunkt 2\" href=\"http:\/\/www.youtube.com\/watch?v=pfTMejX98k0\" rel=\"wp-prettyPhoto[g192]\"\"><strong>Bach<\/strong>, Kunst der Fuge, Contrapunkt 2<\/a><strong><\/strong><\/p>\n<p><a title=\"Beethoven, Mondscheinsonate op 27,2\" href=\"http:\/\/www.youtube.com\/watch?v=CtvKfcwZug0\" rel=\"wp-prettyPhoto[g192]\"\"><strong>Beethoven<\/strong>, Mondscheinsonate op 27.2<\/a><strong><\/strong><\/p>\n<p><a title=\"Beethoven, F\u00fcr Elise\" href=\"http:\/\/www.youtube.com\/watch?v=2WwgOLadVUQ\" rel=\"wp-prettyPhoto[g192]\"\"><strong>Beethoven<\/strong>, F\u00fcr Elise<\/a><strong><\/strong><\/p>\n<p><a title=\"Brahms, Intermezzo A-Dur op 118. N.r 2\" href=\"http:\/\/www.youtube.com\/watch?v=ZHSwPdL9aQ0\" rel=\"wp-prettyPhoto[g192]\"\"><strong>Brahms<\/strong> Intermezzo A-Dur op 118 Nr.<\/a>\u00a02<\/p>\n<p><a title=\"Chopin Nocturne, op. 9,2\" href=\"http:\/\/www.youtube.com\/watch?v=XgnszTpIUhg\" rel=\"wp-prettyPhoto[g192]\"\"><strong>Chopin<\/strong> Nocturne, op. 9,2.<\/a><\/p>\n<p><a title=\"Debussy, Clair de lune\" href=\"http:\/\/www.youtube.com\/watch?v=h0F5GNgIcPQ\" rel=\"wp-prettyPhoto[g192]\"\"><strong>Debussy<\/strong>, Clair de lune<\/a><strong><\/strong><\/p>\n<p><a title=\"Debussy, La fille aux cheveux de lin\" href=\"http:\/\/www.youtube.com\/watch?v=x6xuZOEpLHU\" rel=\"wp-prettyPhoto[g192]\"\"><strong>Debussy<\/strong>, La fille aux cheveux de lin<\/a><\/p>\n<p><a title=\"Skrjabin, \u00c9tude op 8,2\" href=\"http:\/\/\/www.youtube.com\/watch?v=CXJUVMfX0sU\"><strong>Skrjabin<\/strong>, \u00c9tude op 8,2<\/a><strong><\/strong><\/p>\n<p><a title=\"Skrjabin, Feuillet d'Album, op 58\" href=\"http:\/\/www.youtube.com\/watch?v=E4GyodblOdI\" rel=\"wp-prettyPhoto[g192]\"\"><strong>Skrjabin<\/strong>, Feuillet d\u2018Album, op 58<\/a><strong><\/strong><\/p>\n<p><a title=\"Skrjabin, Po\u00e9me-Nocturne op 61\" href=\"http:\/\/www.youtube.com\/watch?v=BCo3MVHVBYo\" rel=\"wp-prettyPhoto[g192]\"\"><strong> Skrjabin<\/strong>, Po\u00e9me-Nocturne op. 61<\/a><strong><\/strong><\/p>\n<p><a title=\"Skrjabin, Pr\u00e9lude op 74,3\" href=\"http:\/\/www.youtube.com\/watch?v=2ISlK3BNcDE\" rel=\"wp-prettyPhoto[g192]\"\"><strong>Skrjabin<\/strong>, Pr\u00e9lude\u00a0 op 74,3<\/a><strong><\/strong><\/p>\n<p><a title=\"Skrjabin, Pr\u00e9lude op 74,4\" href=\"http:\/\/www.youtube.com\/watch?v=KUOo28pA1FE\" rel=\"wp-prettyPhoto[g192]\"\"><strong>Skrjabin<\/strong>, Pr\u00e9lude\u00a0 op 74,4<\/a><\/p>\n<p><a title=\"Skrjabin, Pr\u00e9lude op 74,5\" href=\"http:\/\/www.youtube.com\/watch?v=s6GofaSIXN8\" rel=\"wp-prettyPhoto[g192]\"\"><strong>Skrjabin<\/strong>, Pr\u00e9lude\u00a0 op 74,5<\/a><strong><\/strong><\/p>\n","protected":false},"excerpt":{"rendered":"<p>Bach, Kunst der Fuge, Contrapunkt 2 Beethoven, F\u00fcr Elise Chopin Nocturne, op. 9,2. Debussy, La fille aux cheveux de lin Skrjabin, \u00c9tude op 8,2 Skrjabin, Po\u00e9me-Nocturne op. 61 Skrjabin, Pr\u00e9lude\u00a0 op 74,4<\/p>\n","protected":false},"author":3,"featured_media":0,"parent":64,"menu_order":0,"comment_status":"open","ping_status":"closed","template":"","meta":{"ngg_post_thumbnail":0,"footnotes":""},"class_list":["post-192","page","type-page","status-publish","hentry"],"_links":{"self":[{"href":"https:\/\/www.nageebgardizi.com\/index.php?rest_route=\/wp\/v2\/pages\/192","targetHints":{"allow":["GET"]}}],"collection":[{"href":"https:\/\/www.nageebgardizi.com\/index.php?rest_route=\/wp\/v2\/pages"}],"about":[{"href":"https:\/\/www.nageebgardizi.com\/index.php?rest_route=\/wp\/v2\/types\/page"}],"author":[{"embeddable":true,"href":"https:\/\/www.nageebgardizi.com\/index.php?rest_route=\/wp\/v2\/users\/3"}],"replies":[{"embeddable":true,"href":"https:\/\/www.nageebgardizi.com\/index.php?rest_route=%2Fwp%2Fv2%2Fcomments&post=192"}],"version-history":[{"count":6,"href":"https:\/\/www.nageebgardizi.com\/index.php?rest_route=\/wp\/v2\/pages\/192\/revisions"}],"predecessor-version":[{"id":194,"href":"https:\/\/www.nageebgardizi.com\/index.php?rest_route=\/wp\/v2\/pages\/192\/revisions\/194"}],"up":[{"embeddable":true,"href":"https:\/\/www.nageebgardizi.com\/index.php?rest_route=\/wp\/v2\/pages\/64"}],"wp:attachment":[{"href":"https:\/\/www.nageebgardizi.com\/index.php?rest_route=%2Fwp%2Fv2%2Fmedia&parent=192"}],"curies":[{"name":"wp","href":"https:\/\/api.w.org\/{rel}","templated":true}]}}