{"id":1583,"date":"2020-01-11T11:03:08","date_gmt":"2020-01-11T11:03:08","guid":{"rendered":"http:\/\/www.nageebgardizi.com\/website\/?page_id=1583"},"modified":"2021-12-08T07:53:41","modified_gmt":"2021-12-08T07:53:41","slug":"brahms","status":"publish","type":"page","link":"https:\/\/www.nageebgardizi.com\/website\/?page_id=1583","title":{"rendered":"Brahms+"},"content":{"rendered":"<p>&nbsp;<\/p>\n<p>Johannes, ibn Brah &#8211; Sohn des Brahma<\/p>\n<p>&nbsp;<\/p>\n<p>Ja, so empfand er sich gelegentlich, wenn auch im Scherz&#8230;<\/p>\n<p>Dieser Mensch hat fr\u00fch zu seinem Bart gefunden; er war&#8217;s zufrieden,&nbsp; zu streiten, ohne aufzubegehren. Der junge Mann aus Hamburg becircte immerhin eine Ehepaar, welche&#8217;s fr\u00fch von seiner Erscheinung getr\u00e4umt haben mu\u00df. Kein m\u00fc\u00dfig getriebener war er, gesucht hat er nicht wirklich. Gefunden hat er fr\u00fch, wonach er suchte: die Liebe nach dem Unerreichbaren. Unerreicht bleibt seine Klangwelt, Friede bleibt sein Herz. Unerf\u00fcllt der jugendliche Wunsch nach Leichtigkeit, den er sich mit wachsendem Barte &#8211; aus der ihm innewohnenden, puren Geistesgegenwart, in seinen lieblichen, gleichsam endlos schwingenden Melodien &#8211;&nbsp; in der Lebensmitte erf\u00fcllt.<\/p>\n<p>Zwischenzeitlich kreuzt Ideal, Freund, Wegbegleiter, Eleve, Verfechter, wie auch unliebsamer Gegner l\u00e4ngst vergangener, aber auch gegenw\u00e4rtiger Zeiten, seine Pfade. Insgeheim lieben ihn alle, keiner wird ihn von seinem Auftrag abbringen.<\/p>\n<p>Der Bart w\u00e4chst derweil &#8211; mit ihm, das warme Gef\u00fchl, ungl\u00fccklich zu sein. Brahma, du wirst immer leben &amp; lieben!<\/p>\n<p>&nbsp;<\/p>\n<p><b>05.09.2021&nbsp;<br \/>\n<\/b><\/p>\n<p>(aktueller Nachholtermin)<\/p>\n<p><b>Sonate<\/b><\/p>\n<p>Maurice Ravel (1875-1937): Sonatine<\/p>\n<p>Leos Jan\u00e1cek (1854-1928): <a href=\"https:\/\/youtu.be\/LiNSBnXFdKw\">Klaviersonate 1.X.1905<\/a><\/p>\n<p>JOHANNES BRAHMS (1833-1897): <a href=\"https:\/\/youtu.be\/I7K0W32Y5zY\">Sonate Nr. 3, f-Moll (op. 5)<\/a><\/p>\n<p>&nbsp;<\/p>\n<p>&nbsp;<\/p>\n<p>Vielleicht erfreut das Fr\u00e4ulein Corona ja Euer aller zeitlose Musik genauso sehr. <a href=\"https:\/\/youtu.be\/oM52T0oTMG4\">Hier<\/a> der musikalische Versuch einer Vers\u00f6hnung.<\/p>\n<p>&nbsp;<\/p>\n<p>&nbsp;<\/p>\n<p><b>03.10.2021<\/b><\/p>\n<p>(aktueller Nachholtermin)<\/p>\n<p><b>Lustig \u2013 traurig?<\/b><\/p>\n<p>Anton\u00edn Dvor\u00e1k (1841-1904):<a href=\"https:\/\/youtu.be\/HIzRfQk3nX4\"> 8 Humoresken<\/a> (op. 101\/B.187)<\/p>\n<p>Elisabeth von Herzogenberg (1847-1892): <a href=\"https:\/\/youtu.be\/o9xDH8p50GM\">Acht Klavierst\u00fccke<\/a>, op. posth.<\/p>\n<p>JOHANNES BRAHMS: <a href=\"https:\/\/youtu.be\/S0x2K6jo9Jo\">Scherzo es-Moll<\/a> (op. 4), zwei Rhapsodien (op. 79)<\/p>\n<p>&nbsp;<\/p>\n<p>M\u00f6ge es Ihnen &amp;&nbsp; Ihren seelenvollen Weggef\u00e4hrten im musikalischen Arcadien wohl ergehen. Ihr orientalischer F\u00fcrsprecher auf Erden begab sich derweil ins heilige Kloster, um sich &#8211; gemeinsam mit Ihnen &amp; Ihren beiden nicht minder inspirierten Geistern &#8211; einer unvergleichlichen Frau von Herzogenberg &amp; eines eleganten Herrn Dvor\u00e1k &#8211; mit dem allzu irdischen Corona-Ph\u00e4nomen auseinanderzusetzen. Hier das <a href=\"https:\/\/youtu.be\/To1_ok6ddjk\">pianistische Allerley<\/a><\/p>\n<p>&nbsp;<\/p>\n<p><b>07.11.2021<\/b><\/p>\n<p>(aktueller Nachholtermin)<\/p>\n<p><b>Ankommen<\/b><\/p>\n<p>Franz Liszt (1811-1886): <a href=\"https:\/\/youtu.be\/EdZVLeo1Xhg\">Consolations (S172\/R12)<\/a><\/p>\n<p>JOHANNES BRAHMS: <a href=\"https:\/\/youtu.be\/gDFgiThB54s\">Sechs Klavierst\u00fccke op. 118<\/a>, <a href=\"https:\/\/youtu.be\/XDeIyNfDFXg\">Drei Intermezzi op. 117<\/a><\/p>\n<p>&nbsp;<\/p>\n<p><b>14.06.2020<\/b><\/p>\n<p><b>Variationen<\/b><\/p>\n<p>Ludwig van Beethoven (1770-1827): <a href=\"https:\/\/www.youtube.com\/watch?v=9rGg-jnbadQ\">Eroica-Variationen (op. 35)<\/a><\/p>\n<p>JOHANNES BRAHMS: <a href=\"https:\/\/www.youtube.com\/watch?v=7xfadPcCgFA\">(25) Variationen \u00fcber ein Thema von G.F. H\u00e4ndel (op.24)<\/a>, <a href=\"https:\/\/www.youtube.com\/watch?v=Ihwz8EOXzkY\">(11) Variationen \u00fcber ein Originalthema (op. 21,1)<\/a><\/p>\n<p>&nbsp;<\/p>\n<p>An alle Brahminen &amp; Beethovenianer da drau\u00dfen: es ist ein Corona-Wunder geschehen &#8211; es darf wieder gefeiert werden!<\/p>\n<p>Da das liebliche Virus ebenso lauschen k\u00f6nnte, sind allerdings die \u00fcblichen Auflagen n\u00f6tig. Bringt also bitte einen sicheren Mundschutz mit, f\u00fcr den geh\u00f6rigen Abstand sorgt ja die freie Platzwahl in der gro\u00dfz\u00fcgigen Pauluskirche. Nageeb freut sich schon sehr auf Euch &amp; den B\u00f6sendorfer in Krefeld&#8217;s &#8218;Heiligen Hallen&#8216;!<\/p>\n<p>&nbsp;<\/p>\n<p>&nbsp;<\/p>\n<p><b>16.08.2020<\/b><\/p>\n<p><b>C-Dur<\/b><\/p>\n<p>Joseph Haydn (1732-1809): <a href=\"https:\/\/youtu.be\/djRUs8b5tQE\">Sonate Nr. 60 C-Dur (Hob. XVI: 50)<\/a><\/p>\n<p>Wolfgang Amadeus Mozart (1756-1791): <a href=\"https:\/\/youtu.be\/Fu9JLCwmqTs\">Sonate C-Dur (KV 330)<\/a><\/p>\n<p>JOHANNES BRAHMS: <a href=\"https:\/\/youtu.be\/VLzkeEIkmmY\">Sonate Nr. 1, C-Dur (op. 1)<\/a><\/p>\n<p>&nbsp;<\/p>\n<p>&nbsp;<\/p>\n<p><b>13.09.2020<\/b><\/p>\n<p><b>Von den letzten Dingen<\/b><\/p>\n<p>Ludwig van Beethoven: Sechs Bagatellen op. 126<\/p>\n<p>JOHANNES BRAHMS: <a href=\"https:\/\/youtu.be\/rp79LtXnL_M\">Sieben Fantasien op. 116<\/a>, <a href=\"https:\/\/youtu.be\/EUARBF6rmyw\">Vier Klavierst\u00fccke op. 119<\/a><\/p>\n<p>&nbsp;<\/p>\n<p>&nbsp;<\/p>\n<p>Donna Corona sind, mitsamt Spr\u00f6\u00dflingen, definitiv bei uns angekommen, werther Herr Dr. Brahms. Bitte z\u00fcrnen Sie nicht allzusehr darob auf uns niedere Wesen hinab, die Ihrer Klangentfaltung im Wege stehen. Anno 2021 geh\u00f6rt in Krefeld ausschlie\u00dflich Ihnen!<\/p>\n<p>&nbsp;<\/p>\n<p>&nbsp;<\/p>\n<p>Die Konzerte beginnen jeweils um 18.00 Uhr,<\/p>\n<p>eine Einf\u00fchrung zu den Konzerten beginnt jeweils um 17.30 Uhr.<\/p>\n","protected":false},"excerpt":{"rendered":"<p>&nbsp; Johannes, ibn Brah &#8211; Sohn des Brahma &nbsp; Ja, so empfand er sich gelegentlich, wenn auch im Scherz&#8230; Dieser Mensch hat fr\u00fch zu seinem Bart gefunden; er war&#8217;s zufrieden,&nbsp; zu streiten, ohne aufzubegehren. Der junge Mann aus Hamburg becircte immerhin eine Ehepaar, welche&#8217;s fr\u00fch von seiner Erscheinung getr\u00e4umt haben mu\u00df. Kein m\u00fc\u00dfig getriebener war [&hellip;]<\/p>\n","protected":false},"author":4,"featured_media":0,"parent":1396,"menu_order":0,"comment_status":"closed","ping_status":"closed","template":"","meta":{"ngg_post_thumbnail":0,"footnotes":""},"class_list":["post-1583","page","type-page","status-publish","hentry"],"_links":{"self":[{"href":"https:\/\/www.nageebgardizi.com\/index.php?rest_route=\/wp\/v2\/pages\/1583","targetHints":{"allow":["GET"]}}],"collection":[{"href":"https:\/\/www.nageebgardizi.com\/index.php?rest_route=\/wp\/v2\/pages"}],"about":[{"href":"https:\/\/www.nageebgardizi.com\/index.php?rest_route=\/wp\/v2\/types\/page"}],"author":[{"embeddable":true,"href":"https:\/\/www.nageebgardizi.com\/index.php?rest_route=\/wp\/v2\/users\/4"}],"replies":[{"embeddable":true,"href":"https:\/\/www.nageebgardizi.com\/index.php?rest_route=%2Fwp%2Fv2%2Fcomments&post=1583"}],"version-history":[{"count":30,"href":"https:\/\/www.nageebgardizi.com\/index.php?rest_route=\/wp\/v2\/pages\/1583\/revisions"}],"predecessor-version":[{"id":1715,"href":"https:\/\/www.nageebgardizi.com\/index.php?rest_route=\/wp\/v2\/pages\/1583\/revisions\/1715"}],"up":[{"embeddable":true,"href":"https:\/\/www.nageebgardizi.com\/index.php?rest_route=\/wp\/v2\/pages\/1396"}],"wp:attachment":[{"href":"https:\/\/www.nageebgardizi.com\/index.php?rest_route=%2Fwp%2Fv2%2Fmedia&parent=1583"}],"curies":[{"name":"wp","href":"https:\/\/api.w.org\/{rel}","templated":true}]}}