{"id":1396,"date":"2018-02-12T21:53:40","date_gmt":"2018-02-12T21:53:40","guid":{"rendered":"http:\/\/www.nageebgardizi.com\/website\/?page_id=1396"},"modified":"2019-08-13T11:45:43","modified_gmt":"2019-08-13T11:45:43","slug":"1ste-faureana-2018","status":"publish","type":"page","link":"https:\/\/www.nageebgardizi.com\/website\/?page_id=1396","title":{"rendered":"Faur\u00e9ana 2018+"},"content":{"rendered":"<p>&nbsp;<\/p>\n<p>Monsieur Faur\u00e9? F\u00fcr mich, eine ganz besondere Kraftquelle unserer Menschheit. F\u00fcrwahr, ebenso ein lebender Zeitzeuge der rasch aufeinanderfolgenden, lebensbedrohlichen Ereignisse in der 2ten H\u00e4lfte des 19. Jahrhundert&#8217;s. W\u00e4hrend sich das Unheil verk\u00fcndende &#8218;Fin de Si\u00e8cle&#8216; unerbittlich seinen l\u00fcsternen Weg zur Urkastastrophe des 20sten Jahrhundert&#8217;s bahnt, verliert sich das kulturschaffende Volk im \u00fcbermenschlichen Wagnertum &amp; ertr\u00e4nkt sich lustvoll in den Amethystenbechern absinthischen Jugendstil&#8217;s&#8230;<\/p>\n<p>In dieser Zeit w\u00e4chst aus einem schlichten Samenkorn, irgendwo in den franz\u00f6sischen Pyren\u00e4en, ein Wesen heran. Ein Wesen, was nie ganz verstehen wird, wie die G\u00f6ttlichkeit sich allein in dessen beiden Vornamen verwirklicht hat. Ein Wesen, welche&#8217;s aus der zur\u00fcckgenommenen Bescheidenheit &amp; Demut des Leben&#8217;s &amp; vor Gott zeitleben&#8217;s seine gr\u00f6\u00dfte Schaffenskraft sch\u00f6pfte. Den kindlichen Instinkten &amp; einer blinden Amme folgend, war das Harmonium sein erste&#8217;s Klangmittel. Ein Wesen, was den g\u00f6ttlichen Auftrag erhielt, seine l\u00e4ngst dem l\u00e4hmenden Wahnsinn verfallenen Mitmenschen, mit zauberisch-flie\u00dfender Musik zu tr\u00f6sten. Ein Wesen, was an einem kleinen, unscheinbaren Pariser Institut f\u00fcr Kirchenmusik &amp; Gesang zur lebenslangen Reife &amp; Vollkommenheit des Geiste&#8217;s, der Muse &amp; des Herzen&#8217;s fand &amp; mit schier \u00fcbermenschlicher Geduld &amp; innerer Ausgeglichenheit seinen ganz individuellen &amp; glanzvollen Weg in der Musikgeschichte der Welt beschritt: Gabriel Urbain Faur\u00e9.<\/p>\n<p>Dem genauso g\u00f6ttlichen Zufall &amp; nichtzuletzt dem Ehepaar Cebulla sei&#8217;s von Herzen gedankt, da\u00df Nageeb nunmehr einem weiteren gro\u00dfen Freund die pianistische Hand geben darf.&nbsp; Die recht intim anmutende, dabei so menschliche Atmosph\u00e4re im Salon der &#8218;Kunstwerkstatt am Hellweg&#8216; pa\u00dfte bei meinem ersten Konzertbesuch so, wie Faur\u00e9 nur zum Klavier. Ich bin sehr gl\u00fccklich, Euch alle zum 1sten &amp; hoffentlich nicht letzten Konzertwochenende meiner geplanten &#8218;Faur\u00e9ana&#8216;, der Auff\u00fchrung seine&#8217;s pianistischen Lebenswerk&#8217;s,&nbsp; nach Bochum einladen zu d\u00fcrfen!<\/p>\n<p>Wem nur die Nocturne&#8217;s eine&#8217;s gewissen &#8218;Chopin&#8216; ein Begriff sind, dem lege ich die 12 Nocturne&#8217;s eine&#8217;s Gabriel Faur\u00e9 allerw\u00e4rmsten&#8217;s an&#8217;s Herz &amp; sonst nirgendwohin! Jede&#8217;s Nocturne bietet einen tiefen Einblick seine&#8217;s Seelenzustand&#8217;s in den verschiedenen Phasen seiner musikalischen Erlebniswelt, an welchem er seine Widmungstr\u00e4ger bewu\u00dft teilhaben l\u00e4\u00dft &#8211; ein klangsinnliche&#8217;s Kaleidoskop als Menschenbildnis. Die Reise beginnt mit den ersten, noch fast jungfr\u00e4ulich-zarten Nachtst\u00fccken &amp; reicht \u00fcber das gleichsam glutvoll-d\u00e4mmernde 7te Nocturne aus der Jahrhundertwende, bis hin zum 12. &amp; letzten Nachtgew\u00e4chs, aus dem schillernden Zaubergarten des alten, ermatteten, ertaubten, erblindeten, aber dabei immer verliebteren J\u00fcngling&#8217;s. Euren Reiseleiter Nageeb hat er schon l\u00e4ngst mit diesem schw\u00e4rmerischen Gef\u00fchl berauscht, er m\u00f6chte es mit euch teilen! La\u00dft es euch nicht entgehen!<\/p>\n<p>&nbsp;<\/p>\n<p>&nbsp;<\/p>\n<p style=\"text-align: center;\">Gabriel Faur\u00e9<\/p>\n<p style=\"text-align: center;\">(1843 &#8211; 1924)<\/p>\n<p style=\"text-align: center;\">12 Nocturne&#8217;s pour le Piano (1875 &#8211; 1921)<\/p>\n<p style=\"text-align: center;\">Freitag, 18. Mai, 19.30h &amp; Sonntag, 20. Mai 2018, 16h<\/p>\n<p style=\"text-align: center;\"><a href=\"http:\/\/www.kunstwerkstattamhellweg.de\/aktuelles\/\">Kunstwerkstatt am Hellweg<\/a>, Wattenscheider Hellweg 9, 44867 Bochum<\/p>\n<p>&nbsp;<\/p>\n<p>&nbsp;<\/p>\n<p style=\"text-align: center;\"><a href=\"https:\/\/www.youtube.com\/watch?v=LjIYRzzfR0U\">Pr\u00e9ambule<\/a><\/p>\n<p>&nbsp;<\/p>\n<p style=\"text-align: center;\"><a href=\"https:\/\/www.youtube.com\/watch?v=iNyPZTOUtGk\">3 Nocturne&#8217;s op. 33<\/a>.&nbsp; <a href=\"https:\/\/www.youtube.com\/watch?v=xftdVPDKeQ4\">4i\u00e9me Nocturne, op. 36<\/a>.&nbsp; <a href=\"https:\/\/www.youtube.com\/watch?v=q_-s89OE2yw\">5i\u00e9me Nocturne, op. 37<\/a>.&nbsp;<a href=\"https:\/\/www.youtube.com\/watch?v=E3HJAd2sPqM\"> 6i\u00e9me Nocturne, op. 63<\/a>.<\/p>\n<p>&nbsp;<\/p>\n<p style=\"text-align: center;\">****<\/p>\n<p>&nbsp;<\/p>\n<p style=\"text-align: center;\"><a href=\"https:\/\/www.youtube.com\/watch?v=PS3niZMwzDg\">7i\u00e9me Nocturne, op. 74<\/a>.&nbsp; <a href=\"https:\/\/www.youtube.com\/watch?v=dMLRywscyK0\">8i\u00e9me Nocturne, op. 97<\/a>.&nbsp; <a href=\"https:\/\/www.youtube.com\/watch?v=UPVvMbXlzk0\">9i\u00e9me Nocturne, op. 99<\/a>.&nbsp; <a href=\"https:\/\/www.youtube.com\/watch?v=H0bNv5_oYss\">10i\u00e9me Nocturne, op. 104\/1<\/a>.&nbsp; <a href=\"https:\/\/www.youtube.com\/watch?v=YsirFak7A3k\">11\u00edeme Nocturne, op. 107<\/a>.&nbsp; <a href=\"https:\/\/www.youtube.com\/watch?v=mvy8DoJ6nm4\">12i\u00e9me Nocturne, op. 119<\/a>.<\/p>\n<p>&nbsp;<\/p>\n<p>&nbsp;<\/p>\n<p>&nbsp;<\/p>\n<p>Faur\u00e9anische Gew\u00e4sser kennen keinen Abbruch.<\/p>\n<p>Seine 13 Barcarolle&#8217;s hat er wiederum f\u00fcr&#8217;s faur\u00e9anische Klavier verfa\u00dft. <em>Sein<\/em> Klavier &#8211; <em>sein<\/em> Meer, <em>seine<\/em> Ebbe, <em>seine<\/em> Flut, <em>sein<\/em> Seesturm, <em>sein<\/em> Passat, <em>seine<\/em> Windstille. In ihrer inneren Entwicklung den 12 Nocturne&#8217;s \u00e4hnlich, vollzieht der Sch\u00f6pfer dieser leuchtenden Kleinode eine innere Entwicklung, ganz im Flu\u00df der nur ihm innewohnenden, unendlichen Lebensmelodie. Es ist eine geheimnisvolle Schiffsreise auf bezaubernden Klangwellen, der Klavierklang wird zum schimmernden Wasserklang. Es sind dies 13 H\u00e4fen unendlicher Gl\u00fcckseligkeit, 13 Wiegenlieder stiller Sehnsucht, 13 Gaben unendlicher Gro\u00dfz\u00fcgigkeit, 13 Kapitel aus einer unendlichen Geschichte, 13 liebestrunkene Wandlungen eine&#8217;s Wasserkristall&#8217;s in Schwerelosigkeit, im ewigen Aequinox eine&#8217;s gel(i)ebten Selbst.<\/p>\n<p>Willkommen zur 2ten Faur\u00e9ana!<\/p>\n<p>&nbsp;<\/p>\n<p>&nbsp;<\/p>\n<p>&nbsp;<\/p>\n<p>&nbsp;<\/p>\n<p style=\"text-align: center;\">13 Barcarolle&#8217;s pour le Piano (1880 &#8211; 1921)<\/p>\n<p style=\"text-align: center;\">Freitag, 09. August, 19.30h &amp; Sonntag, 11. August 2019, 16h<\/p>\n<p style=\"text-align: center;\">Kunstwerkstatt am Hellweg, Wattenscheider Hellweg 9, 44867 Bochum<\/p>\n<p>&nbsp;<\/p>\n<p style=\"text-align: center;\">Pr\u00e9ambule<\/p>\n<p>&nbsp;<\/p>\n<p style=\"text-align: center;\"><a href=\"https:\/\/www.youtube.com\/watch?v=13F9RB5uKy0\">1i\u00e8re Barcarolle, op. 26.<\/a> &nbsp; <a href=\"https:\/\/www.youtube.com\/watch?v=ODRkWShLEWM\">2i\u00e8me Barcarolle, op. 41.<\/a><\/p>\n<p style=\"text-align: center;\">3i\u00e8me Barcarolle, op. 42. &nbsp;&nbsp;&nbsp; &nbsp; <a href=\"https:\/\/www.youtube.com\/watch?v=fOWlvvjqc6Y\">4i\u00e8me Barcarolle, op. 44.<\/a><\/p>\n<p style=\"text-align: center;\"><a href=\"https:\/\/www.youtube.com\/watch?v=MvfJ5lakdzU\">5i\u00e8me Barcarolle, op. 66.<\/a>&nbsp;&nbsp;&nbsp;&nbsp;&nbsp;&nbsp;&nbsp;&nbsp;&nbsp;&nbsp;&nbsp;&nbsp;&nbsp;&nbsp;&nbsp;&nbsp;&nbsp;&nbsp;&nbsp;&nbsp;&nbsp;&nbsp;&nbsp;&nbsp; <a href=\"https:\/\/www.youtube.com\/watch?v=zowAUVx_YjE\">6i\u00e8me Barcarolle, op. 70.<\/a><\/p>\n<p>&nbsp;<\/p>\n<p>&nbsp;<\/p>\n<p style=\"text-align: center;\">****<\/p>\n<p>&nbsp;<\/p>\n<p style=\"text-align: center;\">7i\u00e8me Barcarolle, op. 90.&nbsp;&nbsp;&nbsp;&nbsp;&nbsp; 8i\u00e8me Barcarolle, op. 96.<\/p>\n<p style=\"text-align: center;\"><a href=\"https:\/\/www.youtube.com\/watch?v=t2gcbg6GA84\">9i\u00e8me Barcarolle, op. 101 &amp; 10i\u00e9me Barcarolle, op. 104, No. 2.<\/a><\/p>\n<p style=\"text-align: center;\"><a href=\"https:\/\/www.youtube.com\/watch?v=yd_q_vOw_uY\">11i\u00e9me Barcarolle, op. 105.<\/a><\/p>\n<p style=\"text-align: center;\"><a href=\"https:\/\/www.youtube.com\/watch?v=s34r2c8vRvY\">12i\u00e9me Barcarolle, op. 106 bis.&nbsp;<\/a>&nbsp;<a href=\"https:\/\/www.youtube.com\/watch?v=Ahjypc9GtEk\"> 13i\u00e9me Barcarolle, op. 116.<\/a><\/p>\n<p>&nbsp;<\/p>\n<p>&nbsp;<\/p>\n<p>&nbsp;<\/p>\n<p>&nbsp;<\/p>\n<p>&nbsp;<\/p>\n<p>&nbsp;<\/p>\n<p>&nbsp;<\/p>\n","protected":false},"excerpt":{"rendered":"<p>&nbsp; Monsieur Faur\u00e9? F\u00fcr mich, eine ganz besondere Kraftquelle unserer Menschheit. F\u00fcrwahr, ebenso ein lebender Zeitzeuge der rasch aufeinanderfolgenden, lebensbedrohlichen Ereignisse in der 2ten H\u00e4lfte des 19. Jahrhundert&#8217;s. W\u00e4hrend sich das Unheil verk\u00fcndende &#8218;Fin de Si\u00e8cle&#8216; unerbittlich seinen l\u00fcsternen Weg zur Urkastastrophe des 20sten Jahrhundert&#8217;s bahnt, verliert sich das kulturschaffende Volk im \u00fcbermenschlichen Wagnertum &amp; [&hellip;]<\/p>\n","protected":false},"author":4,"featured_media":0,"parent":911,"menu_order":0,"comment_status":"closed","ping_status":"closed","template":"","meta":{"ngg_post_thumbnail":0,"footnotes":""},"class_list":["post-1396","page","type-page","status-publish","hentry"],"_links":{"self":[{"href":"https:\/\/www.nageebgardizi.com\/index.php?rest_route=\/wp\/v2\/pages\/1396","targetHints":{"allow":["GET"]}}],"collection":[{"href":"https:\/\/www.nageebgardizi.com\/index.php?rest_route=\/wp\/v2\/pages"}],"about":[{"href":"https:\/\/www.nageebgardizi.com\/index.php?rest_route=\/wp\/v2\/types\/page"}],"author":[{"embeddable":true,"href":"https:\/\/www.nageebgardizi.com\/index.php?rest_route=\/wp\/v2\/users\/4"}],"replies":[{"embeddable":true,"href":"https:\/\/www.nageebgardizi.com\/index.php?rest_route=%2Fwp%2Fv2%2Fcomments&post=1396"}],"version-history":[{"count":40,"href":"https:\/\/www.nageebgardizi.com\/index.php?rest_route=\/wp\/v2\/pages\/1396\/revisions"}],"predecessor-version":[{"id":1553,"href":"https:\/\/www.nageebgardizi.com\/index.php?rest_route=\/wp\/v2\/pages\/1396\/revisions\/1553"}],"up":[{"embeddable":true,"href":"https:\/\/www.nageebgardizi.com\/index.php?rest_route=\/wp\/v2\/pages\/911"}],"wp:attachment":[{"href":"https:\/\/www.nageebgardizi.com\/index.php?rest_route=%2Fwp%2Fv2%2Fmedia&parent=1396"}],"curies":[{"name":"wp","href":"https:\/\/api.w.org\/{rel}","templated":true}]}}