{"id":129,"date":"2011-09-04T18:08:16","date_gmt":"2011-09-04T18:08:16","guid":{"rendered":"http:\/\/www.nageebgardizi.com\/website\/?page_id=129"},"modified":"2014-10-23T09:52:23","modified_gmt":"2014-10-23T09:52:23","slug":"concerto-monumentale-viii","status":"publish","type":"page","link":"https:\/\/www.nageebgardizi.com\/website\/?page_id=129","title":{"rendered":"VIII. &#8230;in communio extatis&#8230;"},"content":{"rendered":"<p><strong>Concerto Monumentale VIII<\/strong><\/p>\n<p><strong>&#8230;in communio extatis&#8230;<\/strong><\/p>\n<p>Der russische Komponist Alexander Skrjabin ist ein musikalisches Ph\u00e4nomen.<\/p>\n<p>Bereits In fr\u00fchester Kindheit ausgestattet mit der F\u00e4higkeit der klanglichen Syn\u00e4sthesie, reifte mit den Jahren eine Pers\u00f6nlichkeit, welche die Musikwelt erneuern sollte.<\/p>\n<p>Ausgehend von musikalischen Vorbildern wie Liszt, Wagner und Chopin, befasste er sich bereits in jungen Jahren mit der Malerei und vor allem der Literatur. Neben der heimischen Prosa eines Dostojewski, Tschechow, oder Tolstoi, begeisterte er sich ebenso f\u00fcr die kosmologischen Theorien und Weltanschauungen eines Nietzsche, Schopenhauer, oder Spengler.\u00a0 Nach Jahren intensiven Studiums dieser Gedanken und der zeitgleich dazu unternommenen empirischen Wahrnehmung von Naturereignissen, reifte in ihm der Gedanke einer neuen Klang\u00e4sthetik. Das Ziel dieser \u201eskrjabinesken Klanganschauung\u201c ist es, einen gesunden und, seiner Ansicht nach, \u00a0urmenschlichen Solipsismus in\u00a0 die ihn umgebende Natur miteinflie\u00dfen zu lassen. \u00a0Skrjabin geht es hier vornehmlich darum, jedem Menschen dabei zu helfen, \u00fcber sich selbst hinauszuwachsen, um Gro\u00dfes und Bleibendes zu erschaffen. Diese Art einer neuen \u201eGenesis\u201c hat er exemplarisch an sich selbst, zeitlebens vollzogen.<\/p>\n<p>Mit diesem Programm m\u00f6chte ich diesem \u201e\u00dcbermenschen\u201c und seiner \u201e\u00fcberirdischen\u201c Musik mein pers\u00f6nliches Monument setzen.<\/p>\n<p>(Nageeb Gardizi)<\/p>\n<p>&nbsp;<\/p>\n<p><strong>Concerto Monumentale VIII \u2013 <\/strong><\/p>\n<p><strong>Ein Konzert f\u00fcr Alexander Skrjabin<\/strong><\/p>\n<p><strong>\u00a0<\/strong><\/p>\n<p style=\"text-align: center;\"><strong>Alexander\u00a0Skrjabin<\/strong><\/p>\n<p style=\"text-align: center;\">(1872 \u2013 1915)<\/p>\n<p style=\"text-align: center;\"><a href=\"http:\/\/www.youtube.com\/watch?v=47QSoKBGIQM\" rel=\"wp-prettyPhoto[g129]\"\">Pr\u00e9lude op 9 No 1<\/a> \u00a0 &amp;\u00a0 <a href=\"http:\/\/www.youtube.com\/watch?v=undhfe-ex-w\">Nocturne\u00a0 op. 9 No 2<\/a>, f\u00fcr die Linke Hand\u00a0 (1894)<\/p>\n<p style=\"text-align: center;\">Sonata No. 2 gis-Moll, op. 19\u00a0 (\u201ePhantasia\u201c) (1892-97)<\/p>\n<p style=\"text-align: center;\">Andante \u2013 Presto<\/p>\n<p style=\"text-align: center;\">\u00a0Phantasia h-moll, op. 28\u00a0 (1900)<\/p>\n<p style=\"text-align: center;\">\n<p style=\"text-align: center;\">\u00a0<em>Alexander Skrjabin:\u00a0 \u201eLe Po\u00e8me de l\u2019Extase\u201c (1904 &#8211; 06)<\/em><\/p>\n<p style=\"text-align: center;\"><em>\u00a0<\/em> Sonata No. 5 Fis-Dur,\u00a0 op. 53\u00a0 (\u201eLe Po\u00e8me de l\u2019Extase\u201c)\u00a0 (1907)<\/p>\n<p style=\"text-align: center;\">Po\u00e8me-Nocturne, op. 61\u00a0 (1911\/12)<\/p>\n<p style=\"text-align: center;\">Sonata No. 10, op. 70 (\u201eInsect\u201c)\u00a0 (1912\/13)<\/p>\n<p>&nbsp;<\/p>\n<p>&nbsp;<\/p>\n<p>Nageeb Gardizi, Rezitation &amp; Klavier<\/p>\n","protected":false},"excerpt":{"rendered":"<p>Concerto Monumentale VIII &#8230;in communio extatis&#8230; Der russische Komponist Alexander Skrjabin ist ein musikalisches Ph\u00e4nomen. Bereits In fr\u00fchester Kindheit ausgestattet mit der F\u00e4higkeit der klanglichen Syn\u00e4sthesie, reifte mit den Jahren eine Pers\u00f6nlichkeit, welche die Musikwelt erneuern sollte. Ausgehend von musikalischen Vorbildern wie Liszt, Wagner und Chopin, befasste er sich bereits in jungen Jahren mit der [&hellip;]<\/p>\n","protected":false},"author":3,"featured_media":0,"parent":328,"menu_order":0,"comment_status":"open","ping_status":"closed","template":"","meta":{"ngg_post_thumbnail":0,"footnotes":""},"class_list":["post-129","page","type-page","status-publish","hentry"],"_links":{"self":[{"href":"https:\/\/www.nageebgardizi.com\/index.php?rest_route=\/wp\/v2\/pages\/129","targetHints":{"allow":["GET"]}}],"collection":[{"href":"https:\/\/www.nageebgardizi.com\/index.php?rest_route=\/wp\/v2\/pages"}],"about":[{"href":"https:\/\/www.nageebgardizi.com\/index.php?rest_route=\/wp\/v2\/types\/page"}],"author":[{"embeddable":true,"href":"https:\/\/www.nageebgardizi.com\/index.php?rest_route=\/wp\/v2\/users\/3"}],"replies":[{"embeddable":true,"href":"https:\/\/www.nageebgardizi.com\/index.php?rest_route=%2Fwp%2Fv2%2Fcomments&post=129"}],"version-history":[{"count":13,"href":"https:\/\/www.nageebgardizi.com\/index.php?rest_route=\/wp\/v2\/pages\/129\/revisions"}],"predecessor-version":[{"id":1047,"href":"https:\/\/www.nageebgardizi.com\/index.php?rest_route=\/wp\/v2\/pages\/129\/revisions\/1047"}],"up":[{"embeddable":true,"href":"https:\/\/www.nageebgardizi.com\/index.php?rest_route=\/wp\/v2\/pages\/328"}],"wp:attachment":[{"href":"https:\/\/www.nageebgardizi.com\/index.php?rest_route=%2Fwp%2Fv2%2Fmedia&parent=129"}],"curies":[{"name":"wp","href":"https:\/\/api.w.org\/{rel}","templated":true}]}}