{"id":126,"date":"2011-09-04T17:59:43","date_gmt":"2011-09-04T17:59:43","guid":{"rendered":"http:\/\/www.nageebgardizi.com\/website\/?page_id=126"},"modified":"2014-04-05T19:17:29","modified_gmt":"2014-04-05T19:17:29","slug":"concerto-monumentale-vii","status":"publish","type":"page","link":"https:\/\/www.nageebgardizi.com\/website\/?page_id=126","title":{"rendered":"VII. Musicke for the Virgine Queene"},"content":{"rendered":"<p><strong><br \/>\n<\/strong><\/p>\n<p><a href=\"http:\/\/www.nageebgardizi.com\/wp-content\/uploads\/2011\/11\/Elizabeth_Poster_KLEIN_BREMEN.jpg\" rel=\"wp-prettyPhoto[g126]\"><img loading=\"lazy\" decoding=\"async\" class=\"aligncenter size-medium wp-image-577\" title=\"Elizabeth_Poster_KLEIN_BREMEN\" alt=\"\" src=\"http:\/\/www.nageebgardizi.com\/wp-content\/uploads\/2011\/11\/Elizabeth_Poster_KLEIN_BREMEN-217x300.jpg\" width=\"217\" height=\"300\" srcset=\"https:\/\/www.nageebgardizi.com\/wp-content\/uploads\/2011\/11\/Elizabeth_Poster_KLEIN_BREMEN-217x300.jpg 217w, https:\/\/www.nageebgardizi.com\/wp-content\/uploads\/2011\/11\/Elizabeth_Poster_KLEIN_BREMEN.jpg 596w\" sizes=\"auto, (max-width: 217px) 100vw, 217px\" \/><\/a><\/p>\n<p>&nbsp;<\/p>\n<p><strong>Concerto Monumentale \u2013 Musicke for the Virgine Queene<\/strong><\/p>\n<p>&nbsp;<\/p>\n<p>Bedarf Elizabeth Tudor, alias Queene Elizabeth I. of England and Ireland, eines musikalischen Monuments? Dieser interessanten Frage m\u00f6chte ich mit diesem Konzertprogramm nachgehen.<\/p>\n<p>Ber\u00fchmtber\u00fcchtigt als egozentrische und berechnende Herrscherin eines m\u00e4chtigen K\u00f6nigreichs, war dies doch nur das offizielle Bild einer \u00e4u\u00dferst kultivierten, sensiblen und kraftvollen Pers\u00f6nlichkeit. Diese erwuchs in einer Zeit gro\u00dfer Agonie, die seit dem Tode ihres Vaters, Heinrichs VIII.,\u00a0 das englische K\u00f6nigreich heimsuchte. Allein ihre historische Kr\u00f6nung im Jahre 1558 grenzt an ein Wunder, durch welches ihr Schicksal einer drohenden Exkommunikation\u00a0 und Hinrichtung, nach einer Kette wundersamer Ereignisse, im letzten Augenblick noch abgewendet werden konnte.<\/p>\n<p>Wenige kennen sie zudem als Schutzpatronin der K\u00fcnste. Nachdem sie selbst bereits in sehr jungen Jahren als sprachlich und musikalisch hochbegabtes Kind ihres komponierenden Vaters heranwuchs, machte sie es sich in ihrer Regentschaft zur Aufgabe, Sch\u00f6ngeistigkeit und hehres Gedankengut in ihrem Reich zu erhalten. William Byrd und Thomas Tallis z\u00e4hlten beide zu den gesch\u00e4tzten Hofkompositeuren der protestantischen K\u00f6nigin, trotzdem beide Herren ihrer katholischen Gesinnung nach innen hin folgten. Sie ernannte beide zu \u201eGentlemen of\u00a0 the Chapelle Royal\u201c und erm\u00f6glichte ihnen sogar ein Monopol f\u00fcr den Druck ihrer neuesten Werke, was in Zeiten freier Urheberschaft ein absolutes Unikum war.<\/p>\n<p>Mit diesem Programm soll aber ebenso das eigent\u00fcmliche Welt- und Menschenbild der Renaissance zu neuem Leben erweckt werden. Die zeitgen\u00f6ssische Poesie William Shakespeares, John Donnes und Ihrer Majest\u00e4t pers\u00f6nlich, die t\u00e4nzerische Leichtigkeit dieser Epoche, sowie der musikalische Vortrag der Musik auf einem Spinett, sollen dem verstaubten Antlitz des einst goldenen Elisabethanischen Zeitalters zu neuem Glanz verhelfen.<\/p>\n<p>(Nageeb Gardizi).<\/p>\n<p>&nbsp;<\/p>\n<p>&nbsp;<\/p>\n<p><strong>Programm<\/strong><\/p>\n<p><strong>\u201eConcerto Monumentale VII \u2013 Musicke for the Virgine Queene\u201c<\/strong><\/p>\n<p>&nbsp;<\/p>\n<p><em>Queen Elizabeth I:\u00a0 \u00a0\u00a0\u00a0\u00a0\u00a0 &#8222;No Crooked Leg&#8220;<br \/>\n<\/em><\/p>\n<p><strong>William Byrd:\u00a0\u00a0\u00a0\u00a0\u00a0\u00a0\u00a0\u00a0 &#8222;A Voluntarie&#8220;<\/strong><\/p>\n<p>&nbsp;<\/p>\n<p style=\"text-align: justify;\">\u00a0<em>Queen Elizabeth I: \u00a0\u00a0\u00a0 \u00a0 \u00a0 <\/em><a href=\"http:\/\/www.youtube.com\/watch?v=p4NPUlJ1ooY\" rel=\"wp-prettyPhoto[g126]\"\"><em>\u201cOn Monsieur\u2019s Departure\u201d (1581) <\/em><\/a><\/p>\n<p style=\"text-align: justify;\"><strong>William Byrd:\u00a0\u00a0\u00a0\u00a0 \u00a0 \u00a0<\/strong><strong>\u00a0 <\/strong><a href=\"http:\/\/www.youtube.com\/watch?v=i1thPEw-JSw\"><strong>\u201cHughe Ashton\u2019s Grownde\u201d<\/strong><\/a><\/p>\n<p>&nbsp;<\/p>\n<p><strong><\/strong><em>William Shakespeare:\u00a0<\/em><a href=\"http:\/\/www.youtube.com\/watch?v=2hQV8vP0qlg\" rel=\"wp-prettyPhoto[g126]\"\"><em> Sonnet VIII (1609)\u00a0 <\/em><\/a><\/p>\n<p><em>\u00a0<\/em><\/p>\n<p><a href=\"http:\/\/www.youtube.com\/watch?v=2hQV8vP0qlg\" rel=\"wp-prettyPhoto[g126]\"\"><strong>Sellenger&#8217;s Rownde &#8211; the daunce<\/strong><\/a><\/p>\n<p><strong>William Byrd:\u00a0 <\/strong><strong><\/strong><a href=\"http:\/\/www.youtube.com\/watch?v=e1YbPqNm2lE\" rel=\"wp-prettyPhoto[g126]\"\"><strong>\u201cSellengers Rownde\u201d<\/strong><\/a><\/p>\n<p>&nbsp;<\/p>\n<p><a href=\"http:\/\/www.youtube.com\/watch?v=QxZUfnQSTaY\" rel=\"wp-prettyPhoto[g126]\"\"><strong>Pavana &amp; Galliarda &#8211; a paire of two nobile daunces<\/strong><\/a><\/p>\n<p><strong>William Byrd: \u00a0 \u00a0 \u00a0 \u00a0\u00a0\u00a0\u00a0\u00a0\u00a0\u00a0\u00a0\u00a0\u00a0\u00a0\u00a0\u00a0\u00a0\u00a0\u00a0\u00a0\u00a0\u00a0\u00a0\u00a0\u00a0\u00a0\u00a0\u00a0\u00a0\u00a0\u00a0\u00a0\u00a0\u00a0\u00a0\u00a0\u00a0\u00a0\u00a0\u00a0\u00a0\u00a0\u00a0\u00a0\u00a0\u00a0\u00a0\u00a0\u00a0\u00a0\u00a0\u00a0\u00a0\u00a0\u00a0\u00a0\u00a0\u00a0\u00a0\u00a0\u00a0\u00a0\u00a0\u00a0\u00a0\u00a0\u00a0\u00a0\u00a0\u00a0\u00a0\u00a0\u00a0\u00a0\u00a0\u00a0\u00a0\u00a0 <\/strong><\/p>\n<p><strong>The Third Pavan &amp; The Third Galliarde to the Third Pavan <\/strong><\/p>\n<p><strong><a href=\"http:\/\/www.youtube.com\/watch?v=0iqEeDT6W8Y\" rel=\"wp-prettyPhoto[g126]\"\">Pavana The Sixte: Kingbrugh Goodd &amp; The Galliarde to the Sixte Pavan<\/a><\/strong><\/p>\n<p>&nbsp;<\/p>\n<p><em>John Donne: \u00a0 \u00a0 \u00a0 \u00a0 \u00a0 \u00a0 \u00a0 <\/em><em>\u00a0<\/em><a href=\"http:\/\/www.youtube.com\/watch?v=2SwjTC99RsM\" rel=\"wp-prettyPhoto[g126]\"\"><em>&#8222;No Man is an Island&#8220;<\/em><em>\u00a0(1624)<\/em><\/a><\/p>\n<p><em>\u00a0<\/em><\/p>\n<p><em>Elizabeth I: \u00a0 \u00a0 \u00a0 \u00a0 \u00a0 \u00a0 \u00a0 \u00a0\u00a0<\/em><a href=\"http:\/\/www.youtube.com\/watch?v=2SwjTC99RsM\" rel=\"wp-prettyPhoto[g126]\"\"><em> Prayer XXX\u00a0 (ca. 1579)<\/em><\/a><\/p>\n<p><strong>Thomas Tallis:\u00a0 \u00a0<\/strong><a href=\"http:\/\/www.youtube.com\/watch?v=Av1H_zopqWU\"><strong> Offertorium: Felix Namque II\u00a0 (1564)<\/strong><\/a><\/p>\n<p style=\"padding-left: 30px;\"><strong>\u00a0<\/strong><\/p>\n","protected":false},"excerpt":{"rendered":"<p>&nbsp; Concerto Monumentale \u2013 Musicke for the Virgine Queene &nbsp; Bedarf Elizabeth Tudor, alias Queene Elizabeth I. of England and Ireland, eines musikalischen Monuments? Dieser interessanten Frage m\u00f6chte ich mit diesem Konzertprogramm nachgehen. Ber\u00fchmtber\u00fcchtigt als egozentrische und berechnende Herrscherin eines m\u00e4chtigen K\u00f6nigreichs, war dies doch nur das offizielle Bild einer \u00e4u\u00dferst kultivierten, sensiblen und kraftvollen [&hellip;]<\/p>\n","protected":false},"author":3,"featured_media":0,"parent":328,"menu_order":0,"comment_status":"open","ping_status":"closed","template":"","meta":{"ngg_post_thumbnail":0,"footnotes":""},"class_list":["post-126","page","type-page","status-publish","hentry"],"_links":{"self":[{"href":"https:\/\/www.nageebgardizi.com\/index.php?rest_route=\/wp\/v2\/pages\/126","targetHints":{"allow":["GET"]}}],"collection":[{"href":"https:\/\/www.nageebgardizi.com\/index.php?rest_route=\/wp\/v2\/pages"}],"about":[{"href":"https:\/\/www.nageebgardizi.com\/index.php?rest_route=\/wp\/v2\/types\/page"}],"author":[{"embeddable":true,"href":"https:\/\/www.nageebgardizi.com\/index.php?rest_route=\/wp\/v2\/users\/3"}],"replies":[{"embeddable":true,"href":"https:\/\/www.nageebgardizi.com\/index.php?rest_route=%2Fwp%2Fv2%2Fcomments&post=126"}],"version-history":[{"count":37,"href":"https:\/\/www.nageebgardizi.com\/index.php?rest_route=\/wp\/v2\/pages\/126\/revisions"}],"predecessor-version":[{"id":946,"href":"https:\/\/www.nageebgardizi.com\/index.php?rest_route=\/wp\/v2\/pages\/126\/revisions\/946"}],"up":[{"embeddable":true,"href":"https:\/\/www.nageebgardizi.com\/index.php?rest_route=\/wp\/v2\/pages\/328"}],"wp:attachment":[{"href":"https:\/\/www.nageebgardizi.com\/index.php?rest_route=%2Fwp%2Fv2%2Fmedia&parent=126"}],"curies":[{"name":"wp","href":"https:\/\/api.w.org\/{rel}","templated":true}]}}