{"id":1250,"date":"2016-10-24T21:48:14","date_gmt":"2016-10-24T21:48:14","guid":{"rendered":"http:\/\/www.nageebgardizi.com\/website\/?page_id=1250"},"modified":"2019-06-21T09:08:01","modified_gmt":"2019-06-21T09:08:01","slug":"schumanniana-201718","status":"publish","type":"page","link":"https:\/\/www.nageebgardizi.com\/website\/?page_id=1250","title":{"rendered":"Schumanniana 2017\/18\/19"},"content":{"rendered":"<p><a href=\"http:\/\/www.nageebgardizi.com\/website\/?attachment_id=1251\" rel=\"attachment wp-att-1251\"><img loading=\"lazy\" decoding=\"async\" class=\"alignleft size-medium wp-image-1251\" src=\"http:\/\/www.nageebgardizi.com\/wp-content\/uploads\/2016\/10\/schumanns-crafts-300x168.jpg\" alt=\"schumanns-crafts\" width=\"300\" height=\"168\" srcset=\"https:\/\/www.nageebgardizi.com\/wp-content\/uploads\/2016\/10\/schumanns-crafts-300x168.jpg 300w, https:\/\/www.nageebgardizi.com\/wp-content\/uploads\/2016\/10\/schumanns-crafts-768x431.jpg 768w, https:\/\/www.nageebgardizi.com\/wp-content\/uploads\/2016\/10\/schumanns-crafts.jpg 994w\" sizes=\"auto, (max-width: 300px) 100vw, 300px\" \/><\/a><\/p>\n<p>Sohoooo, Nageeb stellt sich dem Unausweichlichen &amp; trifft seinen alten Freund Robert. Nageeb hat ihn schon fr\u00fch kennengelernt: Mama lag dereinst im Krankenhaus &amp; beschenkte klein-Nageeb nach ihrer Genesung mit einer schmucken Biographie des Freunde&#8217;s. Nein, er mu\u00dfte ihn einfach kennenlernen! Das Verh\u00e4ltnis gestaltete sich in Folge seltsam &amp; er ging diesem Phantasma lange aus dem Weg, wu\u00dfte nicht, was anfangen mit einem jungen Geist, im Nebel falscher Zeiten&#8230; Dennoch lernte er ihn in Zwickau kennen &amp; zum Ende hin lieben.<\/p>\n<p>Denn ja, auch wenn dein Geist die Ruh&#8216; nicht fand hinnieden, ein Kind der Sonne bist du, oh&#8216; ruh&#8216; in Frieden!<\/p>\n<p>Eine schwierige Zusammenkunft. Robert trifft nun Nageeb &amp; lernt erwartungsfroh seinen afghanischen Botschafter des 21. Jahrhundert&#8217;s kennen. Bis Moskau ist er mit Clara schon widerwillig gereist &#8211; aber Afghanistan!?<\/p>\n<p>Nageeb hat keine andere Wahl: er mu\u00df seinen guten Freund einfach mit nach Krefeld schleppen, auch wenn diesem das Rheinland mittlerweile richtig wehtut. Es wird eine Begegnung der ganz besonderen Art. Robert &amp; Nageeb werden Geschichten erz\u00e4hlen, die Heiligen Hallen der Pauluskirche f\u00fcllen sich mit schumanneskem Klangrausch, es werden Jahre vergehen.<\/p>\n<p>Str\u00f6met herbei!<\/p>\n<p>&nbsp;<\/p>\n<p><strong>Pauluskirche, Moritzplatz, 47803 Krefeld<\/strong><\/p>\n<p><strong>Einf\u00fchrung: 17.30h, Konzert: 18h<\/strong><\/p>\n<div><strong>1ste Schumanniana 2017<\/strong><\/div>\n<div><strong>&nbsp;<\/strong><\/div>\n<div>&nbsp;<\/div>\n<div>&nbsp;<\/div>\n<div id=\"yui_3_16_0_ym19_1_1477302179133_16946\"><strong>12. M\u00e4rz: &#8218;Flegeljahre&#8216;:<\/strong>&nbsp; Variations sur le nom d&#8217;Abegg, op. 1,&nbsp;<a href=\"https:\/\/www.youtube.com\/watch?v=zGIHCDszHKY\">Papillions, op. 2<\/a>,&nbsp;<a href=\"https:\/\/www.youtube.com\/watch?v=YYkCpD83oVo\"> Intermezzi, op. 4<\/a> &amp; <a href=\"https:\/\/www.youtube.com\/edit?o=U&amp;video_id=hMSOqRGpLfk\">Imprompt\u00fa&#8217;s \u00fcber ein Thema von Clara Wieck, op. 5 (Fr\u00fchfassung von 1833) <\/a><a href=\"https:\/\/www.youtube.com\/watch?v=hMSOqRGpLfk\"><br \/>\n<\/a><\/div>\n<div>&nbsp;<\/div>\n<div>&nbsp;<\/div>\n<div>&nbsp;<\/div>\n<div>&nbsp;<\/div>\n<div id=\"yui_3_16_0_ym19_1_1477302179133_16962\"><strong>9. April: &#8218;Erste Studien&#8216;:<\/strong> Studien \u00fcber Capricen von Paganini, op. 3, <a href=\"https:\/\/www.youtube.com\/edit?o=U&amp;video_id=rPSa2SFRkDk\">Concert-Etuden nach Capricen von Paganini, op. 10<\/a><\/div>\n<div>&amp; <a href=\"https:\/\/www.youtube.com\/edit?o=U&amp;video_id=GWqO1KCetD8\">op. 10, No. 6<\/a>, <a href=\"https:\/\/www.youtube.com\/edit?o=U&amp;video_id=Q4DusRFS_KY\">&#8218;Etuden in Form freier Variationen \u00fcber ein Beethoven&#8217;sches Thema&#8216; (1831-35)<\/a>, <a href=\"https:\/\/www.youtube.com\/edit?o=U&amp;video_id=WmEBwvxN5p8\">Excercice (Fr\u00fchfassung der Toccata, 1830)<\/a><\/div>\n<div>&nbsp;<\/div>\n<div>&nbsp;<\/div>\n<div>&nbsp;<\/div>\n<div>&nbsp;<\/div>\n<div id=\"yui_3_16_0_ym19_1_1477302179133_16965\"><strong>7. Mai: &#8218;Der Davidsbund&#8216;:<\/strong> Ludwig Schuncke: Grande Sonate pour Piano, op. 3:&nbsp; <a href=\"https:\/\/www.youtube.com\/watch?v=HZKYuGdo9Kc\">Allegro<\/a>. <a href=\"https:\/\/www.youtube.com\/watch?v=EpRtSUQwdak\">Scherzo: Molto Allegro<\/a>. <a href=\"https:\/\/www.youtube.com\/watch?v=XXtsoVpbJg8\">Andante sostenuto<\/a>. <a href=\"https:\/\/www.youtube.com\/watch?v=D-GQse9yx1s\">Finale: Allegro<\/a> (Schumann gewidmet), Robert Schumann: <a href=\"https:\/\/www.youtube.com\/watch?v=ad-PdkfN9Pc\">Toccata, op. 7<\/a> (Ludwig Schuncke gewidmet), <a href=\"https:\/\/www.youtube.com\/watch?v=TI7jecn6IYI\">Davidsb\u00fcndlert\u00e4nze, op. 6<\/a> (von Florestan &amp; Eusebius an Walther von Goethe)<\/div>\n<div>&nbsp;<\/div>\n<div>&nbsp;<\/div>\n<div>&nbsp;<\/div>\n<div>&nbsp;<\/div>\n<div id=\"yui_3_16_0_ym19_1_1477302179133_16966\"><strong>11. Juni: &#8218;Die Davidsb\u00fcndler&#8216;:<\/strong> Clara Wieck:<a href=\"https:\/\/www.youtube.com\/watch?v=EpItDWpNZjE\"> Trois Romances, op. 11<\/a> (Schumann gewidmet), Felix Mendelssohn-Bartholdy: <a href=\"https:\/\/www.youtube.com\/watch?v=j_w2brhmcHE&amp;feature=youtu.be\">Variations S\u00e9rieuses, op. 54<\/a>, Norbert Burgm\u00fcller:<a href=\"https:\/\/www.youtube.com\/watch?v=bVJN9ERnuso\"> Rhapsodie, op. 13<\/a>,&nbsp; Julie Baroni-Cavalcab\u00f3:<a href=\"https:\/\/www.youtube.com\/watch?v=00Dq0rcDBGI\"> 3i\u00e8me Caprice, op. 18<\/a>, Fr\u00e9d\u00e9ric Chopin: <a href=\"https:\/\/www.youtube.com\/watch?v=K1a8V6yPg98\">2i\u00e8me Ballade, op. 38<\/a> (Schumann gewidmet), Franz Schubert: <a href=\"https:\/\/www.youtube.com\/watch?v=GNNCyUeCJ_U\">Klaviersonate a-moll, D 784<\/a><\/div>\n<div>&nbsp;<\/div>\n<div>&nbsp;<\/div>\n<div>&nbsp;<\/div>\n<div>&nbsp;<\/div>\n<div id=\"yui_3_16_0_ym19_1_1477302179133_16967\"><strong>9. Juli: &#8218;A.S.C.H. &#8211; S.C.H.A.&#8216;:<\/strong>&nbsp; Allegro, op. 8, <a href=\"https:\/\/www.youtube.com\/watch?v=rL5M7VbBC40\">Carnaval &#8211; Sc\u00e8nes mignonnes sur quatre Notes, op. 9 (1834\/35)<\/a>, <a href=\"https:\/\/www.youtube.com\/watch?v=94XS1kGhcok\">\u00c9tudes Symphoniques sur un Th\u00e8me de Ferdinand von Fricken, op. 13 (1834 &#8211; 36)<\/a><\/div>\n<div id=\"yui_3_16_0_ym19_1_1477302179133_16911\">\n<div>&nbsp;<\/div>\n<div>&nbsp;<\/div>\n<div>&nbsp;<\/div>\n<div>&nbsp;<\/div>\n<div id=\"yui_3_16_0_ym19_1_1477302179133_16968\"><strong>10. September: &#8218;Concert sans Orchestre&#8216;:<\/strong>&nbsp; <a href=\"https:\/\/www.youtube.com\/watch?v=_CH-wyr85Y4\">Gro\u00dfe Sonate No. 1, op. 11<\/a> (Clara gewidmet), <a href=\"https:\/\/www.youtube.com\/watch?v=l-s4dW1q27A\">Gro\u00dfe Sonate No. 2, op. 22<\/a> (Fr\u00fchfassung von 1835, Henriette Voigt gewidmet), <a href=\"https:\/\/www.youtube.com\/watch?v=dAhXnmj4gpc\">Gro\u00dfe Sonate No. 3, op. 14<\/a> (Fr\u00fchfassung von 1836, Ignaz Moscheles gewidmet)<\/div>\n<div>&nbsp;<\/div>\n<div>&nbsp;<\/div>\n<div>&nbsp;<\/div>\n<div>&nbsp;<\/div>\n<div id=\"yui_3_16_0_ym19_1_1477302179133_16969\"><strong>12. November: &#8218;Traume&#8217;s Wirren&#8216;:<\/strong> <a href=\"https:\/\/www.youtube.com\/watch?v=MDmE6xYROSs\">Phantasiest\u00fccke, op. 12<\/a> (1837, Miss Anna Robena Laidlaw gewidmet), <a href=\"https:\/\/www.youtube.com\/watch?v=JMvqUjmEnkA\">Kreisleriana, op. 16<\/a> (1838, Fr\u00e9d\u00e9ric Chopin gewidmet) , <a href=\"https:\/\/www.youtube.com\/watch?v=BPXyxyaM1xg\">Nachtst\u00fccke, op. 23<\/a> (1839, dem Bergschreiber E.A. Becker in Freiberg gewidmet)<\/div>\n<\/div>\n<div>&nbsp;<\/div>\n<div>&nbsp;<\/div>\n<div>&nbsp;<\/div>\n<div>&nbsp;<\/div>\n<div>&nbsp;<\/div>\n<div>&#8230;und in 2018&#8230;des Mysterienspiel&#8217;s 2ter Theil&#8230;;-)<\/div>\n<div>&nbsp;<\/div>\n<div>&nbsp;<\/div>\n<div>&nbsp;<\/div>\n<div>&nbsp;<\/div>\n<div>&nbsp;<\/div>\n<div>&nbsp;<\/div>\n<div>&nbsp;<\/div>\n<div>&nbsp;<\/div>\n<div>&nbsp;<\/div>\n<div>&nbsp;<\/div>\n<div>&nbsp;<\/div>\n<div>&nbsp;<\/div>\n<div>&nbsp;<\/div>\n<div>&nbsp;<\/div>\n<div>&nbsp;<\/div>\n<div>&nbsp;<\/div>\n<div>&nbsp;<\/div>\n<div>&nbsp;<\/div>\n<div>&nbsp;<\/div>\n<div>&nbsp;<\/div>\n<div>&nbsp;<\/div>\n<div>&nbsp;<\/div>\n<div>&nbsp;<\/div>\n<div>&nbsp;<\/div>\n<div>&nbsp;<\/div>\n<div>&nbsp;<\/div>\n<div>&nbsp;<\/div>\n<div>&nbsp;<\/div>\n<div>&nbsp;<\/div>\n<div>&nbsp;<\/div>\n<div>&nbsp;<\/div>\n<div>&nbsp;<\/div>\n<div>&nbsp;<\/div>\n<div>&nbsp;<\/div>\n<div>&nbsp;<\/div>\n<div>&nbsp;<\/div>\n<div>&nbsp;<\/div>\n<div>&nbsp;<\/div>\n<div>&nbsp;<\/div>\n<div>&nbsp;<\/div>\n<div>&nbsp;<\/div>\n<div>&nbsp;<\/div>\n<div>&nbsp;<\/div>\n<div>&nbsp;<\/div>\n<div>&nbsp;<\/div>\n<div>&nbsp;<\/div>\n<div>&nbsp;<\/div>\n<div>&nbsp;<\/div>\n<div>&nbsp;<\/div>\n<div>&nbsp;<\/div>\n<div>Gesagt, getan! Unser aller Pilgerweg nach Schumannistan findet, auch in den kommenden Jahren, feurigst seine Fortsetzung! Nageeb dankt dem Himmel f\u00fcr soviel Unterst\u00fctzung!<\/div>\n<div>&nbsp;<\/div>\n<div>Hier die neuen Abfahrtszeiten der 2ten &amp; 3ten Schumanniana vom Klangzentrum Krefeld:<\/div>\n<div>&nbsp;<\/div>\n<div>&nbsp;<\/div>\n<div>&nbsp;<\/div>\n<div><strong>2te Schumanniana 2018: <\/strong><\/div>\n<div>&nbsp;<\/div>\n<div>&nbsp;<\/div>\n<div><strong>11. M\u00e4rz:&nbsp; &#8218;Ruinen &#8211; Troph\u00e4en &#8211; Palmen&#8216;:&nbsp;<\/strong> Robert Schumann: <a href=\"https:\/\/www.youtube.com\/watch?v=0KDdfa6XxY4\">Gro\u00dfe Phantasie f\u00fcr das Pianoforte, op. 17<\/a> (1836-39, Franz Liszt gewidmet), Franz Liszt: <a href=\"https:\/\/www.youtube.com\/watch?v=tum1RglMZMw\">Gro\u00dfe Sonate in h-moll f\u00fcr das Pianoforte<\/a> (1849-53), Robert Schumann gewidmet)<\/div>\n<div>&nbsp;<\/div>\n<div>&nbsp;<\/div>\n<div>&nbsp;<\/div>\n<div><strong>22. April: &#8218;Bl\u00e4tter &amp; Bl\u00fcten&#8216;:&nbsp;<\/strong> <a href=\"https:\/\/www.youtube.com\/watch?v=sO1W4VyifVE\">Arabeske, op. 18<\/a> &amp; <a href=\"https:\/\/www.youtube.com\/watch?v=Q9Ur7RlEOZ8\">Blumenst\u00fcck, op. 19<\/a> (1839), <a href=\"https:\/\/www.youtube.com\/watch?v=QVumeedKP-c\">Waldszenen, op. 82<\/a> (1848\/49), <a href=\"https:\/\/www.youtube.com\/watch?v=caeXTdwLrn8\">Bunte Bl\u00e4tter, op. 99<\/a> (1836-49)<\/div>\n<div>&nbsp;<\/div>\n<div>&nbsp;<\/div>\n<div>&nbsp;<\/div>\n<div><strong>10. Juni: &#8218;Fasching in Wien&#8216;:<\/strong> <a href=\"https:\/\/www.youtube.com\/watch?v=hw_3CPZKbA0\">Humoreske, op. 20<\/a>, op. 20 (1838\/39, Julie Baroni-Cavalcab\u00f3 gewidmet), <a href=\"https:\/\/www.youtube.com\/watch?v=lUMjpTNcrls\">Faschingsschwank aus Wien, op. 26<\/a>, (1838\/39), <a href=\"https:\/\/www.youtube.com\/watch?v=_XoKGdV0SLE\">4 Clavierst\u00fccke, op. 32<\/a>, (Amalie Rieffel gewidmet, 1838\/39)<\/div>\n<div>&nbsp;<\/div>\n<div>&nbsp;<\/div>\n<div>&nbsp;<\/div>\n<div><strong>08. Juli:&nbsp; &#8218;Novellen&#8216;:&nbsp;<\/strong> <a href=\"https:\/\/www.youtube.com\/watch?v=LviXvon7AoU\">Novelletten op. 21<\/a> (Adolph von Henselt gewidmet, 1838), <a href=\"https:\/\/www.youtube.com\/watch?v=eQ0KDVUq31E\">Phantasiest\u00fccke op. 111<\/a> (1851), <a href=\"https:\/\/www.youtube.com\/watch?v=eQ0KDVUq31E\">3 Romanzen op. 28<\/a> (1839)<\/div>\n<div>&nbsp;<\/div>\n<div>&nbsp;<\/div>\n<div><strong>09. September:<\/strong>&nbsp;<strong> &#8218;Kanonen &amp; M\u00e4rsche&#8216;:<\/strong> Charles-Valentin Alkan: <a href=\"https:\/\/www.youtube.com\/watch?v=xyD4GMU8y-c\">Marche Fun\u00e9bre pour le piano, op. 26<\/a> (1844-46, d\u00e9di\u00e9e \u00e1 la Mar\u00e9chale, Duchesse de Montebello), <a href=\"https:\/\/www.youtube.com\/watch?v=uGACKnEmP7c\">Vier M\u00e4rsche, op. 76<\/a> (Juni 1849),&nbsp; Franz Liszt: &#8218;<a href=\"https:\/\/www.youtube.com\/watch?v=K3GUdBnhkyA\">Fun\u00e9railles&#8216;<\/a> (October 1849),&nbsp; <a href=\"https:\/\/www.youtube.com\/watch?v=3xleHV15ROM\">Scherzo &amp; Marsch<\/a> (1851, Carl Klindworth &amp; Theodor Kullak freundschaftlich gewidmet)<\/div>\n<div>&nbsp;<\/div>\n<div><strong>11. November:&nbsp; &#8218;Orgelklavier&#8216;:&nbsp;<\/strong> <a href=\"https:\/\/www.youtube.com\/watch?v=t_cQu_zZ0U4\">6 Studien in canonischer Form f\u00fcr Pedalfl\u00fcgel, op. 56<\/a> (1845), <a href=\"https:\/\/www.youtube.com\/watch?v=gxbcnwaUUNY\">4 Skizzen f\u00fcr den Pedalfl\u00fcgel, op. 58<\/a>, <a href=\"https:\/\/www.youtube.com\/watch?v=R7bYv-hvTz0\">4 Fugen, op. 72 f\u00fcr das Pianoforte<\/a> (1845, Herrn Carl Reinecke zugeeignet), Franz Liszt: <a href=\"https:\/\/www.youtube.com\/watch?v=nNXLgQqVKlw\">Praeludium &amp; Fuge \u00fcber das Motiv B-A-C-H f\u00fcr Orgel<\/a> (1ste Fassung f\u00fcr das Pianoforte von 1855\/56)<\/div>\n<div>&nbsp;<\/div>\n<div>&nbsp;<\/div>\n<div><strong>3te Schumanniana 2019<\/strong><\/div>\n<div>&nbsp;<\/div>\n<div>&nbsp;<\/div>\n<div>&nbsp;<\/div>\n<div><strong>10. M\u00e4rz:&nbsp; &#8218;Kinderlieder (I)&#8216;:<\/strong>&nbsp;&nbsp; <a href=\"https:\/\/www.youtube.com\/watch?v=7SI-1vFkseQ\">Album f\u00fcr die Jugend<\/a> &#8211;&nbsp; 43 Clavierst\u00fccke f\u00fcr die Jugend, in zwei Abtheilungen, op. 68 (1848)<\/div>\n<div>&nbsp;<\/div>\n<div>&nbsp;<\/div>\n<div>&nbsp;<\/div>\n<div><strong>28. April: &#8218;Kinderlieder (II)&#8216;:<\/strong>&nbsp; <a href=\"https:\/\/www.youtube.com\/watch?v=NigHG1URDI4\">Kinderscenen, op. 15<\/a> (1838), 3 Clavier- Sonaten f\u00fcr die Jugend (1853, No.1, <a href=\"https:\/\/www.youtube.com\/watch?v=Cb6pDIozmO8\">Julien, zur Erinnerung<\/a>, No.2, <a href=\"https:\/\/www.youtube.com\/watch?v=7Pc8oJ98uSg\">Elisen zum Andenken<\/a>, No.3, <a href=\"https:\/\/www.youtube.com\/watch?v=OHZfou6T7_I\">Marien gewidmet<\/a><\/div>\n<div>&nbsp;<\/div>\n<div>&nbsp;<\/div>\n<div>&nbsp;<\/div>\n<div><strong>16. Juni:&nbsp; &#8218;Letzte Lieder&#8216;:<\/strong>&nbsp; <a href=\"https:\/\/www.youtube.com\/watch?v=WDLJrYRxXjA\">Albumbl\u00e4tter, op. 124<\/a> (1832-45), <a href=\"https:\/\/www.youtube.com\/watch?v=DEZ9gunnzjQ\">Variationen \u00fcber ein Nocturne von Chopin, op. posth.<\/a> (ca. 1835\/36)<\/div>\n<div><a href=\"https:\/\/www.youtube.com\/watch?v=vgySY_7QJOc\">7 St\u00fccke in Fughettenform, op. 126<\/a> (1853, Rosalie Leser zugeeignet), <a href=\"https:\/\/www.youtube.com\/watch?v=8us-oRinLNE\">Ges\u00e4nge der Fr\u00fche, op. 133<\/a> (1853, der hohen Dichterin Bettina von Arnim gewidmet), <a href=\"https:\/\/www.youtube.com\/watch?v=8lzW3sBXwRs\">Thema &amp; Variationen, WoO 24<\/a> (&#8218;Geistervariationen&#8216;, 1854)<\/div>\n<div>&nbsp;<\/div>\n<div>&nbsp;<\/div>\n<div><a href=\"https:\/\/youtu.be\/7z1G04w9yPs\">Nageeb&#8217;s post-letteris schumanniensis&#8230;<\/a><\/div>\n","protected":false},"excerpt":{"rendered":"<p>Sohoooo, Nageeb stellt sich dem Unausweichlichen &amp; trifft seinen alten Freund Robert. Nageeb hat ihn schon fr\u00fch kennengelernt: Mama lag dereinst im Krankenhaus &amp; beschenkte klein-Nageeb nach ihrer Genesung mit einer schmucken Biographie des Freunde&#8217;s. Nein, er mu\u00dfte ihn einfach kennenlernen! Das Verh\u00e4ltnis gestaltete sich in Folge seltsam &amp; er ging diesem Phantasma lange aus [&hellip;]<\/p>\n","protected":false},"author":4,"featured_media":0,"parent":911,"menu_order":0,"comment_status":"closed","ping_status":"closed","template":"","meta":{"ngg_post_thumbnail":0,"footnotes":""},"class_list":["post-1250","page","type-page","status-publish","hentry"],"_links":{"self":[{"href":"https:\/\/www.nageebgardizi.com\/index.php?rest_route=\/wp\/v2\/pages\/1250","targetHints":{"allow":["GET"]}}],"collection":[{"href":"https:\/\/www.nageebgardizi.com\/index.php?rest_route=\/wp\/v2\/pages"}],"about":[{"href":"https:\/\/www.nageebgardizi.com\/index.php?rest_route=\/wp\/v2\/types\/page"}],"author":[{"embeddable":true,"href":"https:\/\/www.nageebgardizi.com\/index.php?rest_route=\/wp\/v2\/users\/4"}],"replies":[{"embeddable":true,"href":"https:\/\/www.nageebgardizi.com\/index.php?rest_route=%2Fwp%2Fv2%2Fcomments&post=1250"}],"version-history":[{"count":53,"href":"https:\/\/www.nageebgardizi.com\/index.php?rest_route=\/wp\/v2\/pages\/1250\/revisions"}],"predecessor-version":[{"id":1531,"href":"https:\/\/www.nageebgardizi.com\/index.php?rest_route=\/wp\/v2\/pages\/1250\/revisions\/1531"}],"up":[{"embeddable":true,"href":"https:\/\/www.nageebgardizi.com\/index.php?rest_route=\/wp\/v2\/pages\/911"}],"wp:attachment":[{"href":"https:\/\/www.nageebgardizi.com\/index.php?rest_route=%2Fwp%2Fv2%2Fmedia&parent=1250"}],"curies":[{"name":"wp","href":"https:\/\/api.w.org\/{rel}","templated":true}]}}