{"id":123,"date":"2011-09-04T17:53:52","date_gmt":"2011-09-04T17:53:52","guid":{"rendered":"http:\/\/www.nageebgardizi.com\/website\/?page_id=123"},"modified":"2014-10-23T10:03:44","modified_gmt":"2014-10-23T10:03:44","slug":"concerto-monumentale-vi","status":"publish","type":"page","link":"https:\/\/www.nageebgardizi.com\/website\/?page_id=123","title":{"rendered":"VI. Advocatus Diabelli"},"content":{"rendered":"<p>&nbsp;<\/p>\n<p><strong><br \/>\n<\/strong><\/p>\n<p><strong>Concerto Monumentale &#8211; Advocatus Diabelli<br \/>\n<\/strong><\/p>\n<p>&nbsp;<\/p>\n<p><strong>Ludwig van Beethoven<\/strong><\/p>\n<p><strong>(1770-1827)<\/strong><\/p>\n<p><strong>\u00a0<\/strong><\/p>\n<p><strong>\u00a033 Ver\u00e4nderungen \u00fcber einen Walzer von Anton Diabelli, op. 120\u00a0 (1819-1823)<\/strong><\/p>\n<p><strong>Ludwig van Beethovens &#8222;Diabelli-Variationen&#8220; \u2013 Eskapaden eines Rheinl\u00e4nders<br \/>\n<\/strong><\/p>\n<p>Als Beethoven 1818 davon erfuhr, dass Anton Diabelli, Komponist und Musikverleger des Wiener Musikverlages Cappi &amp; Diabelli, einen Kompositionsauftrag an alle f\u00fchrenden Komponisten Wiens erteilte, war er von dessen Angebot zun\u00e4chst sehr angetan. Der konkrete Kompositionsauftrag bestand lediglich darin, zu einem recht einfach gebauten Walzer Diabellis (in C-Dur) eine Variation f\u00fcr Klavier zu schreiben, welche dann in einer Sammelausgabe im Jahr darauf vom Verlag herausgegeben werden sollte.<br \/>\nBei n\u00e4herer Betrachtung des Themas \u2013 eines recht lapidar daher stampfenden Walzers im Stile eines Diabelli \u2013 wich seine Euphorie rasch einer wachsenden Skepsis um den musikalischen Gehaltdieses kurzen St\u00fcckes. Erz\u00fcrnt dar\u00fcber, dass man es wagte, den gro\u00dfen Beethoven aufzufordern, nur eine Variation \u00fcber solche Musik zu schreiben, lehnte er das Angebot forsch ab. Nach einigen Unterredungen und Verhandlungen mit Diabelli konnte dieser ihn doch noch dazu \u00fcberreden, sich an dem Projekt zu beteiligen, an dem u.a. auch Franz Schubert und der junge Franz Liszt teilnahmen. Einzige Bedingung war jedoch, dass seine Variation gesondert ver\u00f6ffentlicht werden sollte. Nun wurden aber aus einer Variation 33 und die vermeintliche Gelegenheitsarbeit wuchs zu einem monumentalen Variationszyklus zusammen, in welchem das doch recht naive Thema eine sonderbare Transformation erf\u00e4hrt.<br \/>\nDie Variationstechniken, deren sich Beethoven in diesem Sp\u00e4twerk bedient, deuten in ihrer Extravaganz und zunehmender Abstrahierung der Kernidee weit \u00fcber seine Zeit hinaus. Die lange Arbeitsphase von 4 Jahren haftet diesem Werk h\u00f6rbar an. W\u00e4hrend sich die ersten Variationen noch stark an die Form und die harmonisch-metrische Struktur des Diabelli&#8217;schen Walzers halten, wird doch ein stetiges Ausbrechen und stellenweise sogar Unverfrorenheit im Umgang mit dem Initialthema h\u00f6rbar. Doch allm\u00e4hlich vom C-Dur &#8211; Thema entfernend, zeigt Beethoven dem Zuh\u00f6rer gewisserma\u00dfen den &#8222;Mikrokosmos&#8220; seiner so ambivalenten Gef\u00fchlswelt auf, die Meisterschaftseines Improvisationstalentes und nicht zuletzt, den unumst\u00f6\u00dflichen Willen, sich, dem Rheinl\u00e4nder Beethoven, auch in der Fremde treu zu bleiben. Die 33 Variationen sind neben den Goldberg-Variationen von J. S. Bach und den Bach-Variationen von Max Reger das umfangreichste Variationenwerk f\u00fcr Klavier.<\/p>\n<p>&nbsp;<\/p>\n<p><strong>Programm<\/strong><\/p>\n<p><a href=\"http:\/\/www.youtube.com\/watch?v=LThpOgwKKro\" rel=\"wp-prettyPhoto[g123]\"\">Thema: Vivace<\/a><\/p>\n<p><a href=\"http:\/\/www.youtube.com\/watch?v=LThpOgwKKro\" rel=\"wp-prettyPhoto[g123]\"\">Variatio I: Alla marcia, maestoso\u00a0 \u2013\u00a0 Variatio II: Poco Allegro<\/a>\u00a0\u00a0 \u2013\u00a0 Variatio III: L\u2019istesso tempo\u00a0 \u2013\u00a0 Variatio IV: Un poco pi\u00f9 vivace\u00a0 \u2013\u00a0 <a href=\"http:\/\/www.youtube.com\/watch?v=d683qdHIVSs\" rel=\"wp-prettyPhoto[g123]\"\">Variatio V: Allegro vivace\u00a0<\/a> \u2013 Variatio VI: Allegro, ma non troppo e serioso \u2013 Variatio VII: Un poco pi\u00f9 Allegro \u2013 Variatio VIII: Poco Vivace \u2013 Variatio IX: Allegro pesante e risoluto \u2013 Variatio X: Presto<\/p>\n<p>VariatioXI:Allegretto \u2013 Variatio XII: Un poco pi\u00f9 moto \u2013 Variatio XIII: Vivace \u2013 Variatio XIV: Grave e maestoso \u2013 Variatio XV: Presto scherzando \u2013 Variatio XVI: Allegro \u2013 Variatio XVII \u2013 Variatio XVIII: Poco moderato \u2013 VariatioXIX: Presto \u2013 Variatio XX: Andante<\/p>\n<p>Variatio XXI: Allegro conbrio \u2013 Variatio XXII: Molto Allegro alla \u201eNotte e giornofaticar\u201c di Mozart \u2013 Variatio XXIII: Assai Allegro \u2013 Variatio XXIV: <a href=\"http:\/\/www.youtube.com\/watch?v=vlQhB8nQIsQ\" rel=\"wp-prettyPhoto[g123]\"\">Fughetta: Andante<\/a>\u00a0 \u2013 Variatio XXV: Allegro \u2013 Variatio XXVI \u2013 Variatio XXVII: Vivace \u2013 Variatio XXVIII: Allegro \u2013 Variatio XXIX: Adagio, ma non troppo \u2013 Variatio XXX: Andante, sempre cantabile<\/p>\n<p>Variatio XXXI: Largo, molto espressivo \u2013 Variatio XXXII: <a href=\"http:\/\/www.youtube.com\/watch?v=2Z_VidGQsic\">Fuga: Allegro \u2013 Variatio XXXIII: Tempo di Menuetto, moderato<\/a><\/p>\n<p>Nageeb Gardizi, Klavier<\/p>\n","protected":false},"excerpt":{"rendered":"<p>&nbsp; Concerto Monumentale &#8211; Advocatus Diabelli &nbsp; Ludwig van Beethoven (1770-1827) \u00a0 \u00a033 Ver\u00e4nderungen \u00fcber einen Walzer von Anton Diabelli, op. 120\u00a0 (1819-1823) Ludwig van Beethovens &#8222;Diabelli-Variationen&#8220; \u2013 Eskapaden eines Rheinl\u00e4nders Als Beethoven 1818 davon erfuhr, dass Anton Diabelli, Komponist und Musikverleger des Wiener Musikverlages Cappi &amp; Diabelli, einen Kompositionsauftrag an alle f\u00fchrenden Komponisten Wiens [&hellip;]<\/p>\n","protected":false},"author":3,"featured_media":0,"parent":328,"menu_order":0,"comment_status":"open","ping_status":"closed","template":"","meta":{"ngg_post_thumbnail":0,"footnotes":""},"class_list":["post-123","page","type-page","status-publish","hentry"],"_links":{"self":[{"href":"https:\/\/www.nageebgardizi.com\/index.php?rest_route=\/wp\/v2\/pages\/123","targetHints":{"allow":["GET"]}}],"collection":[{"href":"https:\/\/www.nageebgardizi.com\/index.php?rest_route=\/wp\/v2\/pages"}],"about":[{"href":"https:\/\/www.nageebgardizi.com\/index.php?rest_route=\/wp\/v2\/types\/page"}],"author":[{"embeddable":true,"href":"https:\/\/www.nageebgardizi.com\/index.php?rest_route=\/wp\/v2\/users\/3"}],"replies":[{"embeddable":true,"href":"https:\/\/www.nageebgardizi.com\/index.php?rest_route=%2Fwp%2Fv2%2Fcomments&post=123"}],"version-history":[{"count":21,"href":"https:\/\/www.nageebgardizi.com\/index.php?rest_route=\/wp\/v2\/pages\/123\/revisions"}],"predecessor-version":[{"id":1048,"href":"https:\/\/www.nageebgardizi.com\/index.php?rest_route=\/wp\/v2\/pages\/123\/revisions\/1048"}],"up":[{"embeddable":true,"href":"https:\/\/www.nageebgardizi.com\/index.php?rest_route=\/wp\/v2\/pages\/328"}],"wp:attachment":[{"href":"https:\/\/www.nageebgardizi.com\/index.php?rest_route=%2Fwp%2Fv2%2Fmedia&parent=123"}],"curies":[{"name":"wp","href":"https:\/\/api.w.org\/{rel}","templated":true}]}}