{"id":1105,"date":"2015-06-30T09:53:32","date_gmt":"2015-06-30T09:53:32","guid":{"rendered":"http:\/\/www.nageebgardizi.com\/website\/?page_id=1105"},"modified":"2015-08-13T09:46:22","modified_gmt":"2015-08-13T09:46:22","slug":"beethovens-finlandia","status":"publish","type":"page","link":"https:\/\/www.nageebgardizi.com\/website\/?page_id=1105","title":{"rendered":"Beethoven&#8217;s Finlandia"},"content":{"rendered":"<p>&nbsp;<\/p>\n<p>Sibelius, der finlandische Titan &#8211;\u00a0 er liebte und verehrte Beethoven, den teutonischen Titan. Sibelius liebte Finlandia&#8217;s schmerzbet\u00e4ubtes &#8218;Kalevala&#8216;, versteckt in jedem Zipfel der endlos dunklen W\u00e4lder Finlandien&#8217;s. Beethoven verliebte sich in die stumme Waldeinsamkeit seiner eigenen, wirren Auen. Nicht den Wald, die beethovenianische Einsamkeit begann er zu lieben. 1817 &#8211; das Jahr dunkler Phantasien &#8211; w\u00fctet er seine &#8218;H\u00e4mmerklawiersonate&#8216;, gegen den Zweifel, zugunsten der Freiheit &amp; Erhabenheit. Sibelius erkennt ihn als Freund &amp; Weggef\u00e4hrten und erfindet ein neues, helleres &amp; luzideres Spiel aus dem gemeinsamen, finlandischen Labyrinth&#8230;<\/p>\n<p>&nbsp;<\/p>\n<p><a href=\"http:\/\/www.nageebgardizi.com\/wp-content\/uploads\/2015\/06\/finlandia_Web_Klein.jpg\" rel=\"wp-prettyPhoto[g1105]\"><img loading=\"lazy\" decoding=\"async\" class=\" size-medium wp-image-1130 aligncenter\" src=\"http:\/\/www.nageebgardizi.com\/wp-content\/uploads\/2015\/06\/finlandia_Web_Klein-212x300.jpg\" alt=\"finlandia_Web_Klein\" width=\"212\" height=\"300\" srcset=\"https:\/\/www.nageebgardizi.com\/wp-content\/uploads\/2015\/06\/finlandia_Web_Klein-212x300.jpg 212w, https:\/\/www.nageebgardizi.com\/wp-content\/uploads\/2015\/06\/finlandia_Web_Klein.jpg 353w\" sizes=\"auto, (max-width: 212px) 100vw, 212px\" \/><\/a><\/p>\n<p>&nbsp;<\/p>\n<p>&nbsp;<\/p>\n<p><strong>Ludwig van Beethoven:\u00a0 &#8218;Gro\u00dfe Sonate f\u00fcr das H\u00e4mmerklawier&#8216;, op. 106 (1817\/18)<\/strong><\/p>\n<p>Allegro.\u00a0 Scherzo: Assai vivace.\u00a0 Adagio sostenuto.\u00a0 Preludio: Largo &#8211; Un poco pi\u00f9 vivace &#8211; Allegro &#8211; Prestissimo &#8211; Allegro risoluto: Fuga a tre voci, con alcune licenze<\/p>\n<p>&nbsp;<\/p>\n<p><strong>Jean Sibelius: Finlandia, op. 24, No. 7 (1899\/1900, Fassung f\u00fcr Klavier solo vom Autor)<\/strong><\/p>\n<p>&nbsp;<\/p>\n<p>&nbsp;<\/p>\n","protected":false},"excerpt":{"rendered":"<p>&nbsp; Sibelius, der finlandische Titan &#8211;\u00a0 er liebte und verehrte Beethoven, den teutonischen Titan. Sibelius liebte Finlandia&#8217;s schmerzbet\u00e4ubtes &#8218;Kalevala&#8216;, versteckt in jedem Zipfel der endlos dunklen W\u00e4lder Finlandien&#8217;s. Beethoven verliebte sich in die stumme Waldeinsamkeit seiner eigenen, wirren Auen. Nicht den Wald, die beethovenianische Einsamkeit begann er zu lieben. 1817 &#8211; das Jahr dunkler Phantasien [&hellip;]<\/p>\n","protected":false},"author":4,"featured_media":0,"parent":864,"menu_order":0,"comment_status":"open","ping_status":"closed","template":"","meta":{"ngg_post_thumbnail":0,"footnotes":""},"class_list":["post-1105","page","type-page","status-publish","hentry"],"_links":{"self":[{"href":"https:\/\/www.nageebgardizi.com\/index.php?rest_route=\/wp\/v2\/pages\/1105","targetHints":{"allow":["GET"]}}],"collection":[{"href":"https:\/\/www.nageebgardizi.com\/index.php?rest_route=\/wp\/v2\/pages"}],"about":[{"href":"https:\/\/www.nageebgardizi.com\/index.php?rest_route=\/wp\/v2\/types\/page"}],"author":[{"embeddable":true,"href":"https:\/\/www.nageebgardizi.com\/index.php?rest_route=\/wp\/v2\/users\/4"}],"replies":[{"embeddable":true,"href":"https:\/\/www.nageebgardizi.com\/index.php?rest_route=%2Fwp%2Fv2%2Fcomments&post=1105"}],"version-history":[{"count":7,"href":"https:\/\/www.nageebgardizi.com\/index.php?rest_route=\/wp\/v2\/pages\/1105\/revisions"}],"predecessor-version":[{"id":1131,"href":"https:\/\/www.nageebgardizi.com\/index.php?rest_route=\/wp\/v2\/pages\/1105\/revisions\/1131"}],"up":[{"embeddable":true,"href":"https:\/\/www.nageebgardizi.com\/index.php?rest_route=\/wp\/v2\/pages\/864"}],"wp:attachment":[{"href":"https:\/\/www.nageebgardizi.com\/index.php?rest_route=%2Fwp%2Fv2%2Fmedia&parent=1105"}],"curies":[{"name":"wp","href":"https:\/\/api.w.org\/{rel}","templated":true}]}}