{"id":1016,"date":"2014-10-09T14:03:55","date_gmt":"2014-10-09T14:03:55","guid":{"rendered":"http:\/\/www.nageebgardizi.com\/website\/?page_id=1016"},"modified":"2021-08-05T09:24:36","modified_gmt":"2021-08-05T09:24:36","slug":"scriabiniana-2015","status":"publish","type":"page","link":"https:\/\/www.nageebgardizi.com\/website\/?page_id=1016","title":{"rendered":"Scriabiniana"},"content":{"rendered":"<p style=\"text-align: center;\"><a href=\"http:\/\/www.nageebgardizi.com\/wp-content\/uploads\/2014\/10\/skrjabiniana.jpg\" rel=\"wp-prettyPhoto[g1016]\"><img loading=\"lazy\" decoding=\"async\" class=\"aligncenter size-medium wp-image-1025\" src=\"http:\/\/www.nageebgardizi.com\/wp-content\/uploads\/2014\/10\/skrjabiniana-300x200.jpg\" alt=\"sun on hand gesture\" width=\"300\" height=\"200\" srcset=\"https:\/\/www.nageebgardizi.com\/wp-content\/uploads\/2014\/10\/skrjabiniana-300x200.jpg 300w, https:\/\/www.nageebgardizi.com\/wp-content\/uploads\/2014\/10\/skrjabiniana.jpg 424w\" sizes=\"auto, (max-width: 300px) 100vw, 300px\" \/><\/a><br \/>\n<strong>Skrjabiniana &#8211; musica aequinoctis<\/strong><\/p>\n<p style=\"text-align: center;\">06. Januar 1872 aequinox autumnalis&nbsp; &#8211;&nbsp; 27. April 1915 aequinox vertumnalis<\/p>\n<p>&nbsp;<\/p>\n<p style=\"text-align: center;\">aequinox&#8230;homo scriabiniensis&#8230;spem in resurrectio&#8230;<br \/>\nNageeb erf\u00fcllt seiner Mitmenschheit und sich einen Kindheitstraum.<br \/>\nAlexander Skrjabin schwingt sich hinauf in die H\u00f6hen der Verneinung.<br \/>\nSonne &amp; Mond, hei\u00dfe Glut und kalter Staub, in Extase vereint.<br \/>\nPrometheus schreit: &#8218;Ich bin!&#8216;<\/p>\n<p style=\"text-align: center;\">Alexander Skrjabin, Synaestheticus und gl\u00fchender Philantrop. Er hat es schon fr\u00fch geschafft, Nageeb zu erleuchten. Das Licht eines Kindes, geboren im Flammenmeer ureigener, kalter Untiefen. Im Traum ist er Nageeb erschienen, um ihm seine 10 Gebote zu offenbaren. Nicht am Klavier, sondern in Extase. Episch war die Kunde, welche Nageeb wies den Weg. Nun ist dieser Nageeb geworden zum Kinde, das mit <a href=\"http:\/\/www.nageebgardizi.com\/website\/?page_id=179\">10 Sonaten<\/a> spielt, um die Flamme zu erhalten&#8230;<\/p>\n<p>&nbsp;<\/p>\n<p style=\"text-align: center;\"><strong><a href=\"https:\/\/www.google.de\/url?sa=t&amp;rct=j&amp;q=&amp;esrc=s&amp;source=web&amp;cd=12&amp;cad=rja&amp;uact=8&amp;ved=0CCUQFjABOApqFQoTCLX7ioqd9sYCFYVbFAodxHwGdQ&amp;url=http%3A%2F%2Fwww.collmus.uni-koeln.de%2F273.html&amp;ei=iXmzVfWSIIW3UcT5magH&amp;usg=AFQjCNFcjEAQls3N6pcqDhaCK213wKSH6w\">Skrjabiniana 2015<\/a><\/strong><br \/>\n<strong> Universit\u00e4t zu K\u00f6ln, Albertus-Magnus-Platz, Aula, 20h<\/strong><\/p>\n<p style=\"text-align: center;\"><a href=\"https:\/\/www.youtube.com\/watch?v=0rtN3aRsbP4\">l&#8217;acte pr\u00e9alable<\/a><\/p>\n<p style=\"text-align: center;\">22. April: <a href=\"https:\/\/www.youtube.com\/watch?v=qlQvrUvgXJU\">opp. 6 (&#8218;fun\u00e8bre)<\/a>, <a href=\"https:\/\/www.youtube.com\/watch?v=A_vlf4kKBQM\">19 (&#8218;fantasia&#8216;)<\/a>,&nbsp;<a href=\"https:\/\/www.youtube.com\/watch?v=wbnXImppEy8\"> 23 (&#8218;\u00e9tats d&#8217;\u00e2me)<\/a><\/p>\n<p style=\"text-align: center;\">01. Juli: <a href=\"https:\/\/www.youtube.com\/watch?v=VspizAdr8yc\">opp. 30 (&#8218;vol solaire&#8216;)<\/a>, <a href=\"https:\/\/www.youtube.com\/watch?v=XVvw5AB90X8\">53 (&#8218;po\u00e8me de l&#8217;\u00e9xtase)<\/a>, <a href=\"https:\/\/www.youtube.com\/watch?v=8hoG_w3DyAc\">62 (&#8218;appel myst\u00e9rieux&#8216;)<\/a><\/p>\n<p style=\"text-align: center;\">28. Oktober: opp. 64 (&#8218;messe blanche&#8216;), <a href=\"https:\/\/www.youtube.com\/watch?v=4E1hNNsWaoI\">66 (&#8218;vertumna&#8216;)<\/a>, <a href=\"https:\/\/www.youtube.com\/watch?v=FpgwmMqPT_I\">68 (&#8218;messe noire&#8216;)<\/a>, <a href=\"https:\/\/www.youtube.com\/watch?v=Qi9IiFPv02M\">70 (&#8218;ins\u00e9ctoide&#8216;)<\/a><\/p>\n","protected":false},"excerpt":{"rendered":"<p>Skrjabiniana &#8211; musica aequinoctis 06. Januar 1872 aequinox autumnalis&nbsp; &#8211;&nbsp; 27. April 1915 aequinox vertumnalis &nbsp; aequinox&#8230;homo scriabiniensis&#8230;spem in resurrectio&#8230; Nageeb erf\u00fcllt seiner Mitmenschheit und sich einen Kindheitstraum. Alexander Skrjabin schwingt sich hinauf in die H\u00f6hen der Verneinung. Sonne &amp; Mond, hei\u00dfe Glut und kalter Staub, in Extase vereint. Prometheus schreit: &#8218;Ich bin!&#8216; Alexander Skrjabin, [&hellip;]<\/p>\n","protected":false},"author":4,"featured_media":0,"parent":864,"menu_order":0,"comment_status":"closed","ping_status":"closed","template":"","meta":{"ngg_post_thumbnail":0,"footnotes":""},"class_list":["post-1016","page","type-page","status-publish","hentry"],"_links":{"self":[{"href":"https:\/\/www.nageebgardizi.com\/index.php?rest_route=\/wp\/v2\/pages\/1016","targetHints":{"allow":["GET"]}}],"collection":[{"href":"https:\/\/www.nageebgardizi.com\/index.php?rest_route=\/wp\/v2\/pages"}],"about":[{"href":"https:\/\/www.nageebgardizi.com\/index.php?rest_route=\/wp\/v2\/types\/page"}],"author":[{"embeddable":true,"href":"https:\/\/www.nageebgardizi.com\/index.php?rest_route=\/wp\/v2\/users\/4"}],"replies":[{"embeddable":true,"href":"https:\/\/www.nageebgardizi.com\/index.php?rest_route=%2Fwp%2Fv2%2Fcomments&post=1016"}],"version-history":[{"count":20,"href":"https:\/\/www.nageebgardizi.com\/index.php?rest_route=\/wp\/v2\/pages\/1016\/revisions"}],"predecessor-version":[{"id":1676,"href":"https:\/\/www.nageebgardizi.com\/index.php?rest_route=\/wp\/v2\/pages\/1016\/revisions\/1676"}],"up":[{"embeddable":true,"href":"https:\/\/www.nageebgardizi.com\/index.php?rest_route=\/wp\/v2\/pages\/864"}],"wp:attachment":[{"href":"https:\/\/www.nageebgardizi.com\/index.php?rest_route=%2Fwp%2Fv2%2Fmedia&parent=1016"}],"curies":[{"name":"wp","href":"https:\/\/api.w.org\/{rel}","templated":true}]}}